{"id":668,"date":"2022-09-20T14:50:42","date_gmt":"2022-09-20T17:50:42","guid":{"rendered":"http:\/\/cimentotupi.com.br\/?page_id=668"},"modified":"2024-09-30T15:24:19","modified_gmt":"2024-09-30T18:24:19","slug":"canal-de-denuncia","status":"publish","type":"page","link":"https:\/\/cimentotupi.com.br\/en\/canal-de-denuncia\/","title":{"rendered":"Whistleblower Channel"},"content":{"rendered":"<div data-elementor-type=\"wp-page\" data-elementor-id=\"668\" class=\"elementor elementor-668\">\n\t\t\t\t\t\t\t\t\t<section class=\"elementor-section elementor-top-section elementor-element elementor-element-59b65c1 elementor-section-height-min-height elementor-section-content-middle elementor-section-stretched elementor-section-boxed elementor-section-height-default elementor-section-items-middle\" data-id=\"59b65c1\" data-element_type=\"section\" data-settings=\"{&quot;stretch_section&quot;:&quot;section-stretched&quot;,&quot;background_background&quot;:&quot;classic&quot;}\">\n\t\t\t\t\t\t\t<div class=\"elementor-background-overlay\"><\/div>\n\t\t\t\t\t\t\t<div class=\"elementor-container elementor-column-gap-default\">\n\t\t\t\t\t<div class=\"elementor-column elementor-col-100 elementor-top-column elementor-element elementor-element-4aa8d50\" data-id=\"4aa8d50\" data-element_type=\"column\">\n\t\t\t<div class=\"elementor-widget-wrap\">\n\t\t\t\t\t\t\t\t\t<\/div>\n\t\t<\/div>\n\t\t\t\t\t\t\t<\/div>\n\t\t<\/section>\n\t\t\t\t<section class=\"elementor-section elementor-top-section elementor-element elementor-element-87c5b46 elementor-section-stretched elementor-section-content-middle elementor-section-boxed elementor-section-height-default elementor-section-height-default\" data-id=\"87c5b46\" data-element_type=\"section\" data-settings=\"{&quot;stretch_section&quot;:&quot;section-stretched&quot;}\">\n\t\t\t\t\t\t<div class=\"elementor-container elementor-column-gap-default\">\n\t\t\t\t\t<div class=\"elementor-column elementor-col-100 elementor-top-column elementor-element elementor-element-3ea3c98\" data-id=\"3ea3c98\" data-element_type=\"column\">\n\t\t\t<div class=\"elementor-widget-wrap elementor-element-populated\">\n\t\t\t\t\t\t\t\t<div class=\"elementor-element elementor-element-5e042d4 elementor-widget elementor-widget-heading\" data-id=\"5e042d4\" data-element_type=\"widget\" data-widget_type=\"heading.default\">\n\t\t\t\t<div class=\"elementor-widget-container\">\n\t\t\t<style>\/*! elementor - v3.10.2 - 29-01-2023 *\/\n.elementor-heading-title{padding:0;margin:0;line-height:1}.elementor-widget-heading .elementor-heading-title[class*=elementor-size-]>a{color:inherit;font-size:inherit;line-height:inherit}.elementor-widget-heading .elementor-heading-title.elementor-size-small{font-size:15px}.elementor-widget-heading .elementor-heading-title.elementor-size-medium{font-size:19px}.elementor-widget-heading .elementor-heading-title.elementor-size-large{font-size:29px}.elementor-widget-heading .elementor-heading-title.elementor-size-xl{font-size:39px}.elementor-widget-heading .elementor-heading-title.elementor-size-xxl{font-size:59px}<\/style><h1 class=\"elementor-heading-title elementor-size-default\">Whistleblower Channel <\/h1>\t\t<\/div>\n\t\t\t\t<\/div>\n\t\t\t\t\t<\/div>\n\t\t<\/div>\n\t\t\t\t\t\t\t<\/div>\n\t\t<\/section>\n\t\t\t\t<section class=\"elementor-section elementor-top-section elementor-element elementor-element-c88e5ea elementor-section-stretched elementor-section-content-middle elementor-section-full_width elementor-section-height-default elementor-section-height-default\" data-id=\"c88e5ea\" data-element_type=\"section\" data-settings=\"{&quot;stretch_section&quot;:&quot;section-stretched&quot;}\">\n\t\t\t\t\t\t<div class=\"elementor-container elementor-column-gap-default\">\n\t\t\t\t\t<div class=\"elementor-column elementor-col-50 elementor-top-column elementor-element elementor-element-8cb8121\" data-id=\"8cb8121\" data-element_type=\"column\">\n\t\t\t<div class=\"elementor-widget-wrap elementor-element-populated\">\n\t\t\t\t\t\t\t\t<div class=\"elementor-element elementor-element-ca02329 elementor-widget elementor-widget-image\" data-id=\"ca02329\" data-element_type=\"widget\" data-widget_type=\"image.default\">\n\t\t\t\t<div class=\"elementor-widget-container\">\n\t\t\t<style>\/*! elementor - v3.10.2 - 29-01-2023 *\/\n.elementor-widget-image{text-align:center}.elementor-widget-image a{display:inline-block}.elementor-widget-image a img[src$=\".svg\"]{width:48px}.elementor-widget-image img{vertical-align:middle;display:inline-block}<\/style>\t\t\t\t\t\t\t\t\t\t\t\t<img loading=\"lazy\" decoding=\"async\" width=\"843\" height=\"843\" src=\"https:\/\/cimentotupi.com.br\/wp-content\/uploads\/2022\/09\/DestaqueDenuncia-1024x1024.jpg\" class=\"attachment-large size-large wp-image-671\" alt=\"\" srcset=\"https:\/\/cimentotupi.com.br\/wp-content\/uploads\/2022\/09\/DestaqueDenuncia.jpg 1024w, https:\/\/cimentotupi.com.br\/wp-content\/uploads\/2022\/09\/DestaqueDenuncia-300x300.jpg 300w, https:\/\/cimentotupi.com.br\/wp-content\/uploads\/2022\/09\/DestaqueDenuncia-150x150.jpg 150w, https:\/\/cimentotupi.com.br\/wp-content\/uploads\/2022\/09\/DestaqueDenuncia-768x768.jpg 768w\" sizes=\"auto, (max-width: 843px) 100vw, 843px\" \/>\t\t\t\t\t\t\t\t\t\t\t\t\t\t\t<\/div>\n\t\t\t\t<\/div>\n\t\t\t\t\t<\/div>\n\t\t<\/div>\n\t\t\t\t<div class=\"elementor-column elementor-col-50 elementor-top-column elementor-element elementor-element-244cd56\" data-id=\"244cd56\" data-element_type=\"column\">\n\t\t\t<div class=\"elementor-widget-wrap elementor-element-populated\">\n\t\t\t\t\t\t\t\t<div class=\"elementor-element elementor-element-d8f4db3 elementor-widget elementor-widget-heading\" data-id=\"d8f4db3\" data-element_type=\"widget\" data-widget_type=\"heading.default\">\n\t\t\t\t<div class=\"elementor-widget-container\">\n\t\t\t<h3 class=\"elementor-heading-title elementor-size-default\">Cimento Tupi Whistleblower Channel\n<\/h3>\t\t<\/div>\n\t\t\t\t<\/div>\n\t\t\t\t<div class=\"elementor-element elementor-element-fe0464d elementor-widget elementor-widget-text-editor\" data-id=\"fe0464d\" data-element_type=\"widget\" data-widget_type=\"text-editor.default\">\n\t\t\t\t<div class=\"elementor-widget-container\">\n\t\t\t<style>\/*! elementor - v3.10.2 - 29-01-2023 *\/\n.elementor-widget-text-editor.elementor-drop-cap-view-stacked .elementor-drop-cap{background-color:#818a91;color:#fff}.elementor-widget-text-editor.elementor-drop-cap-view-framed .elementor-drop-cap{color:#818a91;border:3px solid;background-color:transparent}.elementor-widget-text-editor:not(.elementor-drop-cap-view-default) .elementor-drop-cap{margin-top:8px}.elementor-widget-text-editor:not(.elementor-drop-cap-view-default) .elementor-drop-cap-letter{width:1em;height:1em}.elementor-widget-text-editor .elementor-drop-cap{float:left;text-align:center;line-height:1;font-size:50px}.elementor-widget-text-editor .elementor-drop-cap-letter{display:inline-block}<\/style>\t\t\t\t<p>O Canal de Den\u00fancia Cimento Tupi foi criado para oferecer aos empregados, parceiros, clientes e fornecedores um meio de comunicar condutas n\u00e3o condizentes com os valores da empresa ou que violem nosso <b>C\u00f3digo de \u00c9tica e Conduta, Pol\u00edtica de Preven\u00e7\u00e3o e Combate ao Ass\u00e9dio ou a legisla\u00e7\u00e3o vigente. Todo o processo \u00e9 confidencial e seguro<\/b>. <\/p>\n<p>The information will be received by an independent company, which guarantees the absolute secrecy and the proper treatment for each situation by the Ethics Committee of Cimento Tupi (Comit\u00ea de \u00c9tica da Cimento Tupi). <\/p>\n<p>In order to maintain confidentiality  and credibility of the channel, the conduct of the investigation of complaints must be secret. However, those who file the complaint can follow the outcome of the process through a protocol number. <\/p>\n<p>O Canal funciona no telefone <b>0800 741 0011<\/b>, 24 horas por dia e 7 dias por semana. Sua den\u00fancia ainda pode ser feita atrav\u00e9s do site&nbsp;<a href=\"https:\/\/www.contatoseguro.com.br\/cimentotupi\" target=\"_blank\"><b>www.contatoseguro.com.br\/cimentotupi<\/b><\/a>. Disponibilizamos tamb\u00e9m o e-mail: <b>canaldedenuncia@cimentotupi.com.br<\/b>. <\/p>\n<p><b>Aviso importante<\/b>: Este Canal \u00e9 exclusivo para relato de den\u00fancias e deve ser usado com responsabilidade e seriedade. Outros assuntos, como envio de curr\u00edculos, cadastro de fornecedores e outras d\u00favidas, por favor acesse o menu \u201cFale Conosco\u201d da p\u00e1gina principal.<\/p>\t\t\t\t\t\t<\/div>\n\t\t\t\t<\/div>\n\t\t\t\t\t<\/div>\n\t\t<\/div>\n\t\t\t\t\t\t\t<\/div>\n\t\t<\/section>\n\t\t\t\t\t\t\t<\/div>","protected":false},"excerpt":{"rendered":"<p>Canal de Den\u00fancia Canal de Den\u00fancia Cimento Tupi O Canal de Den\u00fancia Cimento Tupi foi criado para oferecer aos empregados, parceiros, clientes e fornecedores um&hellip;<\/p>","protected":false},"author":1,"featured_media":0,"parent":0,"menu_order":0,"comment_status":"closed","ping_status":"closed","template":"","meta":{"footnotes":""},"class_list":["post-668","page","type-page","status-publish","hentry"],"yoast_head":"<!-- This site is optimized with the Yoast SEO plugin v21.0 - https:\/\/yoast.com\/wordpress\/plugins\/seo\/ -->\n<title>Canal de Den\u00fancia - Cimento Tupi<\/title>\n<meta name=\"robots\" content=\"index, follow, max-snippet:-1, max-image-preview:large, max-video-preview:-1\" \/>\n<link rel=\"canonical\" href=\"https:\/\/cimentotupi.com.br\/en\/canal-de-denuncia\/\" \/>\n<meta property=\"og:locale\" content=\"en_US\" \/>\n<meta property=\"og:type\" content=\"article\" \/>\n<meta property=\"og:title\" content=\"Canal de Den\u00fancia - Cimento Tupi\" \/>\n<meta property=\"og:description\" content=\"Canal de Den\u00fancia Canal de Den\u00fancia Cimento Tupi O Canal de Den\u00fancia Cimento Tupi foi criado para oferecer aos empregados, parceiros, clientes e fornecedores um&hellip;\" \/>\n<meta property=\"og:url\" content=\"https:\/\/cimentotupi.com.br\/en\/canal-de-denuncia\/\" \/>\n<meta property=\"og:site_name\" content=\"Cimento Tupi\" \/>\n<meta property=\"article:publisher\" content=\"https:\/\/www.facebook.com\/cimentotupi.sa\" \/>\n<meta property=\"article:modified_time\" content=\"2024-09-30T18:24:19+00:00\" \/>\n<meta property=\"og:image\" content=\"http:\/\/cimentotupi.com.br\/wp-content\/uploads\/2022\/09\/DestaqueDenuncia-1024x1024.jpg\" \/>\n<meta name=\"twitter:card\" content=\"summary_large_image\" \/>\n<meta name=\"twitter:label1\" content=\"Est. reading time\" \/>\n\t<meta name=\"twitter:data1\" content=\"2 minutes\" \/>\n<script type=\"application\/ld+json\" class=\"yoast-schema-graph\">{\"@context\":\"https:\/\/schema.org\",\"@graph\":[{\"@type\":\"WebPage\",\"@id\":\"https:\/\/cimentotupi.com.br\/canal-de-denuncia\/\",\"url\":\"https:\/\/cimentotupi.com.br\/canal-de-denuncia\/\",\"name\":\"Canal de Den\u00fancia - Cimento Tupi\",\"isPartOf\":{\"@id\":\"https:\/\/cimentotupi.com.br\/#website\"},\"datePublished\":\"2022-09-20T17:50:42+00:00\",\"dateModified\":\"2024-09-30T18:24:19+00:00\",\"breadcrumb\":{\"@id\":\"https:\/\/cimentotupi.com.br\/canal-de-denuncia\/#breadcrumb\"},\"inLanguage\":\"en-US\",\"potentialAction\":[{\"@type\":\"ReadAction\",\"target\":[\"https:\/\/cimentotupi.com.br\/canal-de-denuncia\/\"]}]},{\"@type\":\"BreadcrumbList\",\"@id\":\"https:\/\/cimentotupi.com.br\/canal-de-denuncia\/#breadcrumb\",\"itemListElement\":[{\"@type\":\"ListItem\",\"position\":1,\"name\":\"In\u00edcio\",\"item\":\"https:\/\/cimentotupi.com.br\/\"},{\"@type\":\"ListItem\",\"position\":2,\"name\":\"Canal de Den\u00fancia\"}]},{\"@type\":\"WebSite\",\"@id\":\"https:\/\/cimentotupi.com.br\/#website\",\"url\":\"https:\/\/cimentotupi.com.br\/\",\"name\":\"Cimento Tupi\",\"description\":\"\",\"publisher\":{\"@id\":\"https:\/\/cimentotupi.com.br\/#organization\"},\"potentialAction\":[{\"@type\":\"SearchAction\",\"target\":{\"@type\":\"EntryPoint\",\"urlTemplate\":\"https:\/\/cimentotupi.com.br\/?s={search_term_string}\"},\"query-input\":\"required name=search_term_string\"}],\"inLanguage\":\"en-US\"},{\"@type\":\"Organization\",\"@id\":\"https:\/\/cimentotupi.com.br\/#organization\",\"name\":\"Cimento Tupi\",\"url\":\"https:\/\/cimentotupi.com.br\/\",\"logo\":{\"@type\":\"ImageObject\",\"inLanguage\":\"en-US\",\"@id\":\"https:\/\/cimentotupi.com.br\/#\/schema\/logo\/image\/\",\"url\":\"https:\/\/cimentotupi.com.br\/wp-content\/uploads\/2021\/10\/Cimento-Tupi-logo.png\",\"contentUrl\":\"https:\/\/cimentotupi.com.br\/wp-content\/uploads\/2021\/10\/Cimento-Tupi-logo.png\",\"width\":310,\"height\":59,\"caption\":\"Cimento Tupi\"},\"image\":{\"@id\":\"https:\/\/cimentotupi.com.br\/#\/schema\/logo\/image\/\"},\"sameAs\":[\"https:\/\/www.facebook.com\/cimentotupi.sa\",\"https:\/\/www.instagram.com\/cimentotupi\/\"]}]}<\/script>\n<!-- \/ Yoast SEO plugin. -->","yoast_head_json":{"title":"Canal de Den\u00fancia - Cimento Tupi","robots":{"index":"index","follow":"follow","max-snippet":"max-snippet:-1","max-image-preview":"max-image-preview:large","max-video-preview":"max-video-preview:-1"},"canonical":"https:\/\/cimentotupi.com.br\/en\/canal-de-denuncia\/","og_locale":"en_US","og_type":"article","og_title":"Canal de Den\u00fancia - Cimento Tupi","og_description":"Canal de Den\u00fancia Canal de Den\u00fancia Cimento Tupi O Canal de Den\u00fancia Cimento Tupi foi criado para oferecer aos empregados, parceiros, clientes e fornecedores um&hellip;","og_url":"https:\/\/cimentotupi.com.br\/en\/canal-de-denuncia\/","og_site_name":"Cimento Tupi","article_publisher":"https:\/\/www.facebook.com\/cimentotupi.sa","article_modified_time":"2024-09-30T18:24:19+00:00","og_image":[{"url":"http:\/\/cimentotupi.com.br\/wp-content\/uploads\/2022\/09\/DestaqueDenuncia-1024x1024.jpg"}],"twitter_card":"summary_large_image","twitter_misc":{"Est. reading time":"2 minutes"},"schema":{"@context":"https:\/\/schema.org","@graph":[{"@type":"WebPage","@id":"https:\/\/cimentotupi.com.br\/canal-de-denuncia\/","url":"https:\/\/cimentotupi.com.br\/canal-de-denuncia\/","name":"Canal de Den\u00fancia - Cimento Tupi","isPartOf":{"@id":"https:\/\/cimentotupi.com.br\/#website"},"datePublished":"2022-09-20T17:50:42+00:00","dateModified":"2024-09-30T18:24:19+00:00","breadcrumb":{"@id":"https:\/\/cimentotupi.com.br\/canal-de-denuncia\/#breadcrumb"},"inLanguage":"en-US","potentialAction":[{"@type":"ReadAction","target":["https:\/\/cimentotupi.com.br\/canal-de-denuncia\/"]}]},{"@type":"BreadcrumbList","@id":"https:\/\/cimentotupi.com.br\/canal-de-denuncia\/#breadcrumb","itemListElement":[{"@type":"ListItem","position":1,"name":"In\u00edcio","item":"https:\/\/cimentotupi.com.br\/"},{"@type":"ListItem","position":2,"name":"Canal de Den\u00fancia"}]},{"@type":"WebSite","@id":"https:\/\/cimentotupi.com.br\/#website","url":"https:\/\/cimentotupi.com.br\/","name":"Cimento Tupi","description":"","publisher":{"@id":"https:\/\/cimentotupi.com.br\/#organization"},"potentialAction":[{"@type":"SearchAction","target":{"@type":"EntryPoint","urlTemplate":"https:\/\/cimentotupi.com.br\/?s={search_term_string}"},"query-input":"required name=search_term_string"}],"inLanguage":"en-US"},{"@type":"Organization","@id":"https:\/\/cimentotupi.com.br\/#organization","name":"Cimento Tupi","url":"https:\/\/cimentotupi.com.br\/","logo":{"@type":"ImageObject","inLanguage":"en-US","@id":"https:\/\/cimentotupi.com.br\/#\/schema\/logo\/image\/","url":"https:\/\/cimentotupi.com.br\/wp-content\/uploads\/2021\/10\/Cimento-Tupi-logo.png","contentUrl":"https:\/\/cimentotupi.com.br\/wp-content\/uploads\/2021\/10\/Cimento-Tupi-logo.png","width":310,"height":59,"caption":"Cimento Tupi"},"image":{"@id":"https:\/\/cimentotupi.com.br\/#\/schema\/logo\/image\/"},"sameAs":["https:\/\/www.facebook.com\/cimentotupi.sa","https:\/\/www.instagram.com\/cimentotupi\/"]}]}},"_links":{"self":[{"href":"https:\/\/cimentotupi.com.br\/en\/wp-json\/wp\/v2\/pages\/668","targetHints":{"allow":["GET"]}}],"collection":[{"href":"https:\/\/cimentotupi.com.br\/en\/wp-json\/wp\/v2\/pages"}],"about":[{"href":"https:\/\/cimentotupi.com.br\/en\/wp-json\/wp\/v2\/types\/page"}],"author":[{"embeddable":true,"href":"https:\/\/cimentotupi.com.br\/en\/wp-json\/wp\/v2\/users\/1"}],"replies":[{"embeddable":true,"href":"https:\/\/cimentotupi.com.br\/en\/wp-json\/wp\/v2\/comments?post=668"}],"version-history":[{"count":16,"href":"https:\/\/cimentotupi.com.br\/en\/wp-json\/wp\/v2\/pages\/668\/revisions"}],"predecessor-version":[{"id":2257,"href":"https:\/\/cimentotupi.com.br\/en\/wp-json\/wp\/v2\/pages\/668\/revisions\/2257"}],"wp:attachment":[{"href":"https:\/\/cimentotupi.com.br\/en\/wp-json\/wp\/v2\/media?parent=668"}],"curies":[{"name":"wp","href":"https:\/\/api.w.org\/{rel}","templated":true}]}}