{"id":2611,"date":"2025-12-12T09:19:03","date_gmt":"2025-12-12T12:19:03","guid":{"rendered":"https:\/\/cimentotupi.com.br\/?page_id=2611"},"modified":"2026-01-30T15:47:33","modified_gmt":"2026-01-30T18:47:33","slug":"campanha-solidaria","status":"publish","type":"page","link":"https:\/\/cimentotupi.com.br\/en\/campanha-solidaria\/","title":{"rendered":"Campanha Solid\u00e1ria"},"content":{"rendered":"<div data-elementor-type=\"wp-page\" data-elementor-id=\"2611\" class=\"elementor elementor-2611\">\n\t\t\t\t\t\t\t\t\t<section class=\"elementor-section elementor-top-section elementor-element elementor-element-59b65c1 elementor-section-height-min-height elementor-section-content-middle elementor-section-stretched elementor-section-boxed elementor-section-height-default elementor-section-items-middle\" data-id=\"59b65c1\" data-element_type=\"section\" data-settings=\"{&quot;stretch_section&quot;:&quot;section-stretched&quot;,&quot;background_background&quot;:&quot;classic&quot;}\">\n\t\t\t\t\t\t\t<div class=\"elementor-background-overlay\"><\/div>\n\t\t\t\t\t\t\t<div class=\"elementor-container elementor-column-gap-default\">\n\t\t\t\t\t<div class=\"elementor-column elementor-col-100 elementor-top-column elementor-element elementor-element-4aa8d50\" data-id=\"4aa8d50\" data-element_type=\"column\">\n\t\t\t<div class=\"elementor-widget-wrap\">\n\t\t\t\t\t\t\t\t\t<\/div>\n\t\t<\/div>\n\t\t\t\t\t\t\t<\/div>\n\t\t<\/section>\n\t\t\t\t<section class=\"elementor-section elementor-top-section elementor-element elementor-element-87c5b46 elementor-section-stretched elementor-section-content-middle elementor-section-boxed elementor-section-height-default elementor-section-height-default\" data-id=\"87c5b46\" data-element_type=\"section\" data-settings=\"{&quot;stretch_section&quot;:&quot;section-stretched&quot;}\">\n\t\t\t\t\t\t<div class=\"elementor-container elementor-column-gap-default\">\n\t\t\t\t\t<div class=\"elementor-column elementor-col-100 elementor-top-column elementor-element elementor-element-3ea3c98\" data-id=\"3ea3c98\" data-element_type=\"column\">\n\t\t\t<div class=\"elementor-widget-wrap elementor-element-populated\">\n\t\t\t\t\t\t\t\t<div class=\"elementor-element elementor-element-5e042d4 elementor-widget elementor-widget-heading\" data-id=\"5e042d4\" data-element_type=\"widget\" data-widget_type=\"heading.default\">\n\t\t\t\t<div class=\"elementor-widget-container\">\n\t\t\t<style>\/*! elementor - v3.10.2 - 29-01-2023 *\/\n.elementor-heading-title{padding:0;margin:0;line-height:1}.elementor-widget-heading .elementor-heading-title[class*=elementor-size-]>a{color:inherit;font-size:inherit;line-height:inherit}.elementor-widget-heading .elementor-heading-title.elementor-size-small{font-size:15px}.elementor-widget-heading .elementor-heading-title.elementor-size-medium{font-size:19px}.elementor-widget-heading .elementor-heading-title.elementor-size-large{font-size:29px}.elementor-widget-heading .elementor-heading-title.elementor-size-xl{font-size:39px}.elementor-widget-heading .elementor-heading-title.elementor-size-xxl{font-size:59px}<\/style><h1 class=\"elementor-heading-title elementor-size-default\">Campanha Solid\u00e1ria<\/h1>\t\t<\/div>\n\t\t\t\t<\/div>\n\t\t\t\t\t<\/div>\n\t\t<\/div>\n\t\t\t\t\t\t\t<\/div>\n\t\t<\/section>\n\t\t\t\t<section class=\"elementor-section elementor-top-section elementor-element elementor-element-c88e5ea elementor-section-stretched elementor-section-content-middle elementor-section-full_width elementor-section-height-default elementor-section-height-default\" data-id=\"c88e5ea\" data-element_type=\"section\" data-settings=\"{&quot;stretch_section&quot;:&quot;section-stretched&quot;}\">\n\t\t\t\t\t\t<div class=\"elementor-container elementor-column-gap-default\">\n\t\t\t\t\t<div class=\"elementor-column elementor-col-50 elementor-top-column elementor-element elementor-element-8cb8121\" data-id=\"8cb8121\" data-element_type=\"column\">\n\t\t\t<div class=\"elementor-widget-wrap elementor-element-populated\">\n\t\t\t\t\t\t\t\t<div class=\"elementor-element elementor-element-ca02329 elementor-widget elementor-widget-image\" data-id=\"ca02329\" data-element_type=\"widget\" data-widget_type=\"image.default\">\n\t\t\t\t<div class=\"elementor-widget-container\">\n\t\t\t<style>\/*! elementor - v3.10.2 - 29-01-2023 *\/\n.elementor-widget-image{text-align:center}.elementor-widget-image a{display:inline-block}.elementor-widget-image a img[src$=\".svg\"]{width:48px}.elementor-widget-image img{vertical-align:middle;display:inline-block}<\/style>\t\t\t\t\t\t\t\t\t\t\t\t<img loading=\"lazy\" decoding=\"async\" width=\"500\" height=\"500\" src=\"https:\/\/cimentotupi.com.br\/wp-content\/uploads\/2025\/12\/lacre-solidario.png\" class=\"attachment-large size-large wp-image-2631\" alt=\"\" srcset=\"https:\/\/cimentotupi.com.br\/wp-content\/uploads\/2025\/12\/lacre-solidario.png 500w, https:\/\/cimentotupi.com.br\/wp-content\/uploads\/2025\/12\/lacre-solidario-300x300.png 300w, https:\/\/cimentotupi.com.br\/wp-content\/uploads\/2025\/12\/lacre-solidario-150x150.png 150w, https:\/\/cimentotupi.com.br\/wp-content\/uploads\/2025\/12\/lacre-solidario-12x12.png 12w\" sizes=\"auto, (max-width: 500px) 100vw, 500px\" \/>\t\t\t\t\t\t\t\t\t\t\t\t\t\t\t<\/div>\n\t\t\t\t<\/div>\n\t\t\t\t\t<\/div>\n\t\t<\/div>\n\t\t\t\t<div class=\"elementor-column elementor-col-50 elementor-top-column elementor-element elementor-element-244cd56\" data-id=\"244cd56\" data-element_type=\"column\">\n\t\t\t<div class=\"elementor-widget-wrap elementor-element-populated\">\n\t\t\t\t\t\t\t\t<div class=\"elementor-element elementor-element-d8f4db3 elementor-widget elementor-widget-heading\" data-id=\"d8f4db3\" data-element_type=\"widget\" data-widget_type=\"heading.default\">\n\t\t\t\t<div class=\"elementor-widget-container\">\n\t\t\t<h3 class=\"elementor-heading-title elementor-size-default\">REGISTRATION<br>Campanha Solid\u00e1ria<br>Cimento Tupi<\/h3>\t\t<\/div>\n\t\t\t\t<\/div>\n\t\t\t\t<div class=\"elementor-element elementor-element-fe0464d elementor-widget elementor-widget-text-editor\" data-id=\"fe0464d\" data-element_type=\"widget\" data-widget_type=\"text-editor.default\">\n\t\t\t\t<div class=\"elementor-widget-container\">\n\t\t\t<style>\/*! elementor - v3.10.2 - 29-01-2023 *\/\n.elementor-widget-text-editor.elementor-drop-cap-view-stacked .elementor-drop-cap{background-color:#818a91;color:#fff}.elementor-widget-text-editor.elementor-drop-cap-view-framed .elementor-drop-cap{color:#818a91;border:3px solid;background-color:transparent}.elementor-widget-text-editor:not(.elementor-drop-cap-view-default) .elementor-drop-cap{margin-top:8px}.elementor-widget-text-editor:not(.elementor-drop-cap-view-default) .elementor-drop-cap-letter{width:1em;height:1em}.elementor-widget-text-editor .elementor-drop-cap{float:left;text-align:center;line-height:1;font-size:50px}.elementor-widget-text-editor .elementor-drop-cap-letter{display:inline-block}<\/style>\t\t\t\t<p data-path-to-node=\"7,0\">Sentimo-nos privilegiados por levamos esperan\u00e7a e acessibilidade a quem mais precisa.<\/p>\n<p data-path-to-node=\"7,1\">Cada pedido recebido \u00e9 analisado com cuidado pela nossa equipe, que verifica os crit\u00e9rios do regulamento e organiza o atendimento por prioridade. Doamos <strong>Equipamento de Aux\u00edlio de Mobilidade <\/strong>&nbsp;(cadeiras de rodas para pessoas de at\u00e9 90 kg). Se voc\u00ea ou sua institui\u00e7\u00e3o precisa, envie sua solicita\u00e7\u00e3o. Entraremos em contato em breve!<\/p>\t\t\t\t\t\t<\/div>\n\t\t\t\t<\/div>\n\t\t\t\t<div class=\"elementor-element elementor-element-54ea966 elementor-widget elementor-widget-button\" data-id=\"54ea966\" data-element_type=\"widget\" data-widget_type=\"button.default\">\n\t\t\t\t<div class=\"elementor-widget-container\">\n\t\t\t\t\t<div class=\"elementor-button-wrapper\">\n\t\t\t<a href=\"https:\/\/forms.gle\/HddqZ5CvAFas5cdC8\" class=\"elementor-button-link elementor-button elementor-size-sm\" role=\"button\">\n\t\t\t\t\t\t<span class=\"elementor-button-content-wrapper\">\n\t\t\t\t\t\t\t<span class=\"elementor-button-icon elementor-align-icon-right\">\n\t\t\t\t<i aria-hidden=\"true\" class=\"fas fa-angle-double-right\"><\/i>\t\t\t<\/span>\n\t\t\t\t\t\t<span class=\"elementor-button-text\">Formul\u00e1rio de solicita\u00e7\u00e3o<\/span>\n\t\t<\/span>\n\t\t\t\t\t<\/a>\n\t\t<\/div>\n\t\t\t\t<\/div>\n\t\t\t\t<\/div>\n\t\t\t\t\t<\/div>\n\t\t<\/div>\n\t\t\t\t\t\t\t<\/div>\n\t\t<\/section>\n\t\t\t\t\t\t\t<\/div>","protected":false},"excerpt":{"rendered":"<p>Campanha Solid\u00e1ria CadastroCampanha Solid\u00e1riaCimento Tupi Sentimo-nos privilegiados por levamos esperan\u00e7a e acessibilidade a quem mais precisa. Cada pedido recebido \u00e9 analisado com cuidado pela nossa&hellip;<\/p>","protected":false},"author":1,"featured_media":0,"parent":0,"menu_order":0,"comment_status":"closed","ping_status":"closed","template":"","meta":{"footnotes":""},"class_list":["post-2611","page","type-page","status-publish","hentry"],"yoast_head":"<!-- This site is optimized with the Yoast SEO plugin v21.0 - https:\/\/yoast.com\/wordpress\/plugins\/seo\/ -->\n<title>Campanha Solid\u00e1ria - Cimento Tupi<\/title>\n<meta name=\"robots\" content=\"index, follow, max-snippet:-1, max-image-preview:large, max-video-preview:-1\" \/>\n<link rel=\"canonical\" href=\"https:\/\/cimentotupi.com.br\/en\/campanha-solidaria\/\" \/>\n<meta property=\"og:locale\" content=\"en_US\" \/>\n<meta property=\"og:type\" content=\"article\" \/>\n<meta property=\"og:title\" content=\"Campanha Solid\u00e1ria - Cimento Tupi\" \/>\n<meta property=\"og:description\" content=\"Campanha Solid\u00e1ria CadastroCampanha Solid\u00e1riaCimento Tupi Sentimo-nos privilegiados por levamos esperan\u00e7a e acessibilidade a quem mais precisa. Cada pedido recebido \u00e9 analisado com cuidado pela nossa&hellip;\" \/>\n<meta property=\"og:url\" content=\"https:\/\/cimentotupi.com.br\/en\/campanha-solidaria\/\" \/>\n<meta property=\"og:site_name\" content=\"Cimento Tupi\" \/>\n<meta property=\"article:publisher\" content=\"https:\/\/www.facebook.com\/cimentotupi.sa\" \/>\n<meta property=\"article:modified_time\" content=\"2026-01-30T18:47:33+00:00\" \/>\n<meta property=\"og:image\" content=\"https:\/\/cimentotupi.com.br\/wp-content\/uploads\/2025\/12\/lacre-solidario.png\" \/>\n<meta name=\"twitter:card\" content=\"summary_large_image\" \/>\n<meta name=\"twitter:label1\" content=\"Est. reading time\" \/>\n\t<meta name=\"twitter:data1\" content=\"1 minute\" \/>\n<script type=\"application\/ld+json\" class=\"yoast-schema-graph\">{\"@context\":\"https:\/\/schema.org\",\"@graph\":[{\"@type\":\"WebPage\",\"@id\":\"https:\/\/cimentotupi.com.br\/campanha-solidaria\/\",\"url\":\"https:\/\/cimentotupi.com.br\/campanha-solidaria\/\",\"name\":\"Campanha Solid\u00e1ria - Cimento Tupi\",\"isPartOf\":{\"@id\":\"https:\/\/cimentotupi.com.br\/#website\"},\"datePublished\":\"2025-12-12T12:19:03+00:00\",\"dateModified\":\"2026-01-30T18:47:33+00:00\",\"breadcrumb\":{\"@id\":\"https:\/\/cimentotupi.com.br\/campanha-solidaria\/#breadcrumb\"},\"inLanguage\":\"en-US\",\"potentialAction\":[{\"@type\":\"ReadAction\",\"target\":[\"https:\/\/cimentotupi.com.br\/campanha-solidaria\/\"]}]},{\"@type\":\"BreadcrumbList\",\"@id\":\"https:\/\/cimentotupi.com.br\/campanha-solidaria\/#breadcrumb\",\"itemListElement\":[{\"@type\":\"ListItem\",\"position\":1,\"name\":\"In\u00edcio\",\"item\":\"https:\/\/cimentotupi.com.br\/\"},{\"@type\":\"ListItem\",\"position\":2,\"name\":\"Campanha Solid\u00e1ria\"}]},{\"@type\":\"WebSite\",\"@id\":\"https:\/\/cimentotupi.com.br\/#website\",\"url\":\"https:\/\/cimentotupi.com.br\/\",\"name\":\"Cimento Tupi\",\"description\":\"\",\"publisher\":{\"@id\":\"https:\/\/cimentotupi.com.br\/#organization\"},\"potentialAction\":[{\"@type\":\"SearchAction\",\"target\":{\"@type\":\"EntryPoint\",\"urlTemplate\":\"https:\/\/cimentotupi.com.br\/?s={search_term_string}\"},\"query-input\":\"required name=search_term_string\"}],\"inLanguage\":\"en-US\"},{\"@type\":\"Organization\",\"@id\":\"https:\/\/cimentotupi.com.br\/#organization\",\"name\":\"Cimento Tupi\",\"url\":\"https:\/\/cimentotupi.com.br\/\",\"logo\":{\"@type\":\"ImageObject\",\"inLanguage\":\"en-US\",\"@id\":\"https:\/\/cimentotupi.com.br\/#\/schema\/logo\/image\/\",\"url\":\"https:\/\/cimentotupi.com.br\/wp-content\/uploads\/2021\/10\/Cimento-Tupi-logo.png\",\"contentUrl\":\"https:\/\/cimentotupi.com.br\/wp-content\/uploads\/2021\/10\/Cimento-Tupi-logo.png\",\"width\":310,\"height\":59,\"caption\":\"Cimento Tupi\"},\"image\":{\"@id\":\"https:\/\/cimentotupi.com.br\/#\/schema\/logo\/image\/\"},\"sameAs\":[\"https:\/\/www.facebook.com\/cimentotupi.sa\",\"https:\/\/www.instagram.com\/cimentotupi\/\"]}]}<\/script>\n<!-- \/ Yoast SEO plugin. -->","yoast_head_json":{"title":"Campanha Solid\u00e1ria - Cimento Tupi","robots":{"index":"index","follow":"follow","max-snippet":"max-snippet:-1","max-image-preview":"max-image-preview:large","max-video-preview":"max-video-preview:-1"},"canonical":"https:\/\/cimentotupi.com.br\/en\/campanha-solidaria\/","og_locale":"en_US","og_type":"article","og_title":"Campanha Solid\u00e1ria - Cimento Tupi","og_description":"Campanha Solid\u00e1ria CadastroCampanha Solid\u00e1riaCimento Tupi Sentimo-nos privilegiados por levamos esperan\u00e7a e acessibilidade a quem mais precisa. Cada pedido recebido \u00e9 analisado com cuidado pela nossa&hellip;","og_url":"https:\/\/cimentotupi.com.br\/en\/campanha-solidaria\/","og_site_name":"Cimento Tupi","article_publisher":"https:\/\/www.facebook.com\/cimentotupi.sa","article_modified_time":"2026-01-30T18:47:33+00:00","og_image":[{"url":"https:\/\/cimentotupi.com.br\/wp-content\/uploads\/2025\/12\/lacre-solidario.png"}],"twitter_card":"summary_large_image","twitter_misc":{"Est. reading time":"1 minute"},"schema":{"@context":"https:\/\/schema.org","@graph":[{"@type":"WebPage","@id":"https:\/\/cimentotupi.com.br\/campanha-solidaria\/","url":"https:\/\/cimentotupi.com.br\/campanha-solidaria\/","name":"Campanha Solid\u00e1ria - Cimento Tupi","isPartOf":{"@id":"https:\/\/cimentotupi.com.br\/#website"},"datePublished":"2025-12-12T12:19:03+00:00","dateModified":"2026-01-30T18:47:33+00:00","breadcrumb":{"@id":"https:\/\/cimentotupi.com.br\/campanha-solidaria\/#breadcrumb"},"inLanguage":"en-US","potentialAction":[{"@type":"ReadAction","target":["https:\/\/cimentotupi.com.br\/campanha-solidaria\/"]}]},{"@type":"BreadcrumbList","@id":"https:\/\/cimentotupi.com.br\/campanha-solidaria\/#breadcrumb","itemListElement":[{"@type":"ListItem","position":1,"name":"In\u00edcio","item":"https:\/\/cimentotupi.com.br\/"},{"@type":"ListItem","position":2,"name":"Campanha Solid\u00e1ria"}]},{"@type":"WebSite","@id":"https:\/\/cimentotupi.com.br\/#website","url":"https:\/\/cimentotupi.com.br\/","name":"Cimento Tupi","description":"","publisher":{"@id":"https:\/\/cimentotupi.com.br\/#organization"},"potentialAction":[{"@type":"SearchAction","target":{"@type":"EntryPoint","urlTemplate":"https:\/\/cimentotupi.com.br\/?s={search_term_string}"},"query-input":"required name=search_term_string"}],"inLanguage":"en-US"},{"@type":"Organization","@id":"https:\/\/cimentotupi.com.br\/#organization","name":"Cimento Tupi","url":"https:\/\/cimentotupi.com.br\/","logo":{"@type":"ImageObject","inLanguage":"en-US","@id":"https:\/\/cimentotupi.com.br\/#\/schema\/logo\/image\/","url":"https:\/\/cimentotupi.com.br\/wp-content\/uploads\/2021\/10\/Cimento-Tupi-logo.png","contentUrl":"https:\/\/cimentotupi.com.br\/wp-content\/uploads\/2021\/10\/Cimento-Tupi-logo.png","width":310,"height":59,"caption":"Cimento Tupi"},"image":{"@id":"https:\/\/cimentotupi.com.br\/#\/schema\/logo\/image\/"},"sameAs":["https:\/\/www.facebook.com\/cimentotupi.sa","https:\/\/www.instagram.com\/cimentotupi\/"]}]}},"_links":{"self":[{"href":"https:\/\/cimentotupi.com.br\/en\/wp-json\/wp\/v2\/pages\/2611","targetHints":{"allow":["GET"]}}],"collection":[{"href":"https:\/\/cimentotupi.com.br\/en\/wp-json\/wp\/v2\/pages"}],"about":[{"href":"https:\/\/cimentotupi.com.br\/en\/wp-json\/wp\/v2\/types\/page"}],"author":[{"embeddable":true,"href":"https:\/\/cimentotupi.com.br\/en\/wp-json\/wp\/v2\/users\/1"}],"replies":[{"embeddable":true,"href":"https:\/\/cimentotupi.com.br\/en\/wp-json\/wp\/v2\/comments?post=2611"}],"version-history":[{"count":23,"href":"https:\/\/cimentotupi.com.br\/en\/wp-json\/wp\/v2\/pages\/2611\/revisions"}],"predecessor-version":[{"id":2661,"href":"https:\/\/cimentotupi.com.br\/en\/wp-json\/wp\/v2\/pages\/2611\/revisions\/2661"}],"wp:attachment":[{"href":"https:\/\/cimentotupi.com.br\/en\/wp-json\/wp\/v2\/media?parent=2611"}],"curies":[{"name":"wp","href":"https:\/\/api.w.org\/{rel}","templated":true}]}}