{"id":2215,"date":"2024-09-23T21:33:03","date_gmt":"2024-09-24T00:33:03","guid":{"rendered":"http:\/\/cimentotupi.com.br\/?page_id=2215"},"modified":"2024-09-26T15:54:53","modified_gmt":"2024-09-26T18:54:53","slug":"nossas-barragens","status":"publish","type":"page","link":"https:\/\/cimentotupi.com.br\/en\/nossas-barragens\/","title":{"rendered":"Nossas Barragens"},"content":{"rendered":"<div data-elementor-type=\"wp-page\" data-elementor-id=\"2215\" class=\"elementor elementor-2215\">\n\t\t\t\t\t\t\t\t\t<section class=\"elementor-section elementor-top-section elementor-element elementor-element-59b65c1 elementor-section-height-min-height elementor-section-content-middle elementor-section-stretched elementor-section-boxed elementor-section-height-default elementor-section-items-middle\" data-id=\"59b65c1\" data-element_type=\"section\" data-settings=\"{&quot;stretch_section&quot;:&quot;section-stretched&quot;,&quot;background_background&quot;:&quot;classic&quot;}\">\n\t\t\t\t\t\t\t<div class=\"elementor-background-overlay\"><\/div>\n\t\t\t\t\t\t\t<div class=\"elementor-container elementor-column-gap-default\">\n\t\t\t\t\t<div class=\"elementor-column elementor-col-100 elementor-top-column elementor-element elementor-element-4aa8d50\" data-id=\"4aa8d50\" data-element_type=\"column\">\n\t\t\t<div class=\"elementor-widget-wrap\">\n\t\t\t\t\t\t\t\t\t<\/div>\n\t\t<\/div>\n\t\t\t\t\t\t\t<\/div>\n\t\t<\/section>\n\t\t\t\t<section class=\"elementor-section elementor-top-section elementor-element elementor-element-87c5b46 elementor-section-stretched elementor-section-content-middle elementor-section-boxed elementor-section-height-default elementor-section-height-default\" data-id=\"87c5b46\" data-element_type=\"section\" data-settings=\"{&quot;stretch_section&quot;:&quot;section-stretched&quot;}\">\n\t\t\t\t\t\t<div class=\"elementor-container elementor-column-gap-default\">\n\t\t\t\t\t<div class=\"elementor-column elementor-col-100 elementor-top-column elementor-element elementor-element-3ea3c98\" data-id=\"3ea3c98\" data-element_type=\"column\">\n\t\t\t<div class=\"elementor-widget-wrap elementor-element-populated\">\n\t\t\t\t\t\t\t\t<div class=\"elementor-element elementor-element-5e042d4 elementor-widget elementor-widget-heading\" data-id=\"5e042d4\" data-element_type=\"widget\" data-widget_type=\"heading.default\">\n\t\t\t\t<div class=\"elementor-widget-container\">\n\t\t\t<style>\/*! elementor - v3.10.2 - 29-01-2023 *\/\n.elementor-heading-title{padding:0;margin:0;line-height:1}.elementor-widget-heading .elementor-heading-title[class*=elementor-size-]>a{color:inherit;font-size:inherit;line-height:inherit}.elementor-widget-heading .elementor-heading-title.elementor-size-small{font-size:15px}.elementor-widget-heading .elementor-heading-title.elementor-size-medium{font-size:19px}.elementor-widget-heading .elementor-heading-title.elementor-size-large{font-size:29px}.elementor-widget-heading .elementor-heading-title.elementor-size-xl{font-size:39px}.elementor-widget-heading .elementor-heading-title.elementor-size-xxl{font-size:59px}<\/style><h1 class=\"elementor-heading-title elementor-size-default\">nossas barragens<\/h1>\t\t<\/div>\n\t\t\t\t<\/div>\n\t\t\t\t\t<\/div>\n\t\t<\/div>\n\t\t\t\t\t\t\t<\/div>\n\t\t<\/section>\n\t\t\t\t<section class=\"elementor-section elementor-top-section elementor-element elementor-element-f507f74 elementor-section-stretched elementor-section-boxed elementor-section-height-default elementor-section-height-default\" data-id=\"f507f74\" data-element_type=\"section\" data-settings=\"{&quot;stretch_section&quot;:&quot;section-stretched&quot;}\">\n\t\t\t\t\t\t<div class=\"elementor-container elementor-column-gap-default\">\n\t\t\t\t\t<div class=\"elementor-column elementor-col-100 elementor-top-column elementor-element elementor-element-58108e4\" data-id=\"58108e4\" data-element_type=\"column\">\n\t\t\t<div class=\"elementor-widget-wrap elementor-element-populated\">\n\t\t\t\t\t\t\t\t<div class=\"elementor-element elementor-element-0d1a567 elementor-widget elementor-widget-text-editor\" data-id=\"0d1a567\" data-element_type=\"widget\" data-widget_type=\"text-editor.default\">\n\t\t\t\t<div class=\"elementor-widget-container\">\n\t\t\t<style>\/*! elementor - v3.10.2 - 29-01-2023 *\/\n.elementor-widget-text-editor.elementor-drop-cap-view-stacked .elementor-drop-cap{background-color:#818a91;color:#fff}.elementor-widget-text-editor.elementor-drop-cap-view-framed .elementor-drop-cap{color:#818a91;border:3px solid;background-color:transparent}.elementor-widget-text-editor:not(.elementor-drop-cap-view-default) .elementor-drop-cap{margin-top:8px}.elementor-widget-text-editor:not(.elementor-drop-cap-view-default) .elementor-drop-cap-letter{width:1em;height:1em}.elementor-widget-text-editor .elementor-drop-cap{float:left;text-align:center;line-height:1;font-size:50px}.elementor-widget-text-editor .elementor-drop-cap-letter{display:inline-block}<\/style>\t\t\t\t<p>A Cimento Tupi conta com duas barragens de conten\u00e7\u00e3o de \u00e1gua e um dique de conten\u00e7\u00e3o de sedimentos. Todos possuem fator de seguran\u00e7a dentro dos padr\u00f5es e normas estabelecidos e possuem suas respectivas declara\u00e7\u00f5es de condi\u00e7\u00e3o de estabilidade emitidas por auditoria externa. Suas estruturas est\u00e3o inseridas no Sistema de Informa\u00e7\u00f5es de Gerenciamento de Barragens (SIGIBAR) da Funda\u00e7\u00e3o Estadual do Meio Ambiente (FEAM).<\/p>\t\t\t\t\t\t<\/div>\n\t\t\t\t<\/div>\n\t\t\t\t\t<\/div>\n\t\t<\/div>\n\t\t\t\t\t\t\t<\/div>\n\t\t<\/section>\n\t\t\t\t<section class=\"elementor-section elementor-top-section elementor-element elementor-element-15dc2c0 elementor-section-stretched elementor-section-boxed elementor-section-height-default elementor-section-height-default\" data-id=\"15dc2c0\" data-element_type=\"section\" data-settings=\"{&quot;stretch_section&quot;:&quot;section-stretched&quot;}\">\n\t\t\t\t\t\t<div class=\"elementor-container elementor-column-gap-default\">\n\t\t\t\t\t<div class=\"elementor-column elementor-col-100 elementor-top-column elementor-element elementor-element-d19e5a7\" data-id=\"d19e5a7\" data-element_type=\"column\">\n\t\t\t<div class=\"elementor-widget-wrap elementor-element-populated\">\n\t\t\t\t\t\t\t\t<div class=\"elementor-element elementor-element-34f4b33 elementor-widget elementor-widget-eael-adv-tabs\" data-id=\"34f4b33\" data-element_type=\"widget\" data-widget_type=\"eael-adv-tabs.default\">\n\t\t\t\t<div class=\"elementor-widget-container\">\n\t\t\t        <div id=\"eael-advance-tabs-34f4b33\" class=\"eael-advance-tabs eael-tabs-horizontal eael-tab-auto-active active-caret-on\" data-tabid=\"34f4b33\">\n            <div class=\"eael-tabs-nav\">\n                <ul class=\"\">\n                                            <li id=\"informes\" class=\"active-default eael-tab-item-trigger\" aria-selected=\"true\" data-tab=\"1\" role=\"tab\" tabindex=\"0\" aria-controls=\"informes-tab\" aria-expanded=\"false\">\n                            \n                            \n                            \n                                                            <span class=\"eael-tab-title  title-after-icon\">INFORMES<\/span>                                                    <\/li>\n                                    <\/ul>\n            <\/div>\n            \n            <div class=\"eael-tabs-content\">\n\t\t        \n                    <div id=\"informes-tab\" class=\"clearfix eael-tab-content-item active-default\" data-title-link=\"informes-tab\">\n\t\t\t\t        \t\t\t\t\t        \t\t<div data-elementor-type=\"page\" data-elementor-id=\"2219\" class=\"elementor elementor-2219\">\n\t\t\t\t\t\t\t\t\t<section class=\"elementor-section elementor-top-section elementor-element elementor-element-e10e1e2 elementor-section-boxed elementor-section-height-default elementor-section-height-default\" data-id=\"e10e1e2\" data-element_type=\"section\">\n\t\t\t\t\t\t<div class=\"elementor-container elementor-column-gap-default\">\n\t\t\t\t\t<div class=\"elementor-column elementor-col-100 elementor-top-column elementor-element elementor-element-a70f4e8\" data-id=\"a70f4e8\" data-element_type=\"column\">\n\t\t\t<div class=\"elementor-widget-wrap elementor-element-populated\">\n\t\t\t\t\t\t\t\t<div class=\"elementor-element elementor-element-ce910b1 elementor-widget elementor-widget-eael-adv-accordion\" data-id=\"ce910b1\" data-element_type=\"widget\" data-widget_type=\"eael-adv-accordion.default\">\n\t\t\t\t<div class=\"elementor-widget-container\">\n\t\t\t        <div class=\"eael-adv-accordion\" id=\"eael-adv-accordion-ce910b1\" data-accordion-id=\"ce910b1\" data-accordion-type=\"accordion\" data-toogle-speed=\"300\">\n    <div class=\"eael-accordion-list\">\n                <div id=\"anlise-de-gua-e-poeira-de-rejeitos\" class=\"elementor-tab-title eael-accordion-header\" tabindex=\"2161\" data-tab=\"1\" role=\"tab\" aria-controls=\"elementor-tab-content-2161\"><span class=\"eael-accordion-tab-title\">AN\u00c1LISE DE \u00c1GUA E POEIRA DE REJEITOS<\/span><i aria-hidden=\"true\" class=\"fa-toggle fas fa-plus\"><\/i><\/div><div id=\"elementor-tab-content-2161\" class=\"eael-accordion-content clearfix\" data-tab=\"1\" role=\"tabpanel\" aria-labelledby=\"anlise-de-gua-e-poeira-de-rejeitos\"><p><a href=\"https:\/\/cimentotupi.com.br\/wp-content\/uploads\/2024\/11\/INFORME-ANALISE-DE-AGUA-E-POEIRA-DE-REJEITOS-_LM.pdf\" target=\"_blank\" rel=\"noopener\">INFORME - AN\u00c1LISE DE \u00c1GUA E POEIRA DE REJEITOS_LM<\/a>\n<br>\n<a href=\"https:\/\/cimentotupi.com.br\/wp-content\/uploads\/2024\/11\/INFORME-ANALISE-DE-AGUA-E-POEIRA-DE-REJEITOS_B1.pdf\" target=\"_blank\" rel=\"noopener\">INFORME - AN\u00c1LISE DE \u00c1GUA E POEIRA DE REJEITOS B1\n<\/a>\n<br>\n<a href=\"https:\/\/cimentotupi.com.br\/wp-content\/uploads\/2025\/01\/INFORME-ANALISE-DE-AGUA-E-POEIRA-DE-REJEITOS-_LF.pdf\" target=\"_blank\" rel=\"noopener\">INFORME - AN\u00c1LISE DE \u00c1GUA E POEIRA DE REJEITOS LF\n<\/a><\/p><\/div>\n                <\/div><div class=\"eael-accordion-list\">\n                <div id=\"avaliao-do-grau-de-umidade-e-nvel-de-gua\" class=\"elementor-tab-title eael-accordion-header\" tabindex=\"2162\" data-tab=\"2\" role=\"tab\" aria-controls=\"elementor-tab-content-2162\"><span class=\"eael-accordion-tab-title\">AVALIA\u00c7\u00c3O DO GRAU DE UMIDADE E N\u00cdVEL DE \u00c1GUA<\/span><i aria-hidden=\"true\" class=\"fa-toggle fas fa-plus\"><\/i><\/div><div id=\"elementor-tab-content-2162\" class=\"eael-accordion-content clearfix\" data-tab=\"2\" role=\"tabpanel\" aria-labelledby=\"avaliao-do-grau-de-umidade-e-nvel-de-gua\"><p><a href=\"https:\/\/cimentotupi.com.br\/wp-content\/uploads\/2024\/11\/INFORME-%E2%80%93-AVALIACAO-DO-GRAU-DE-UMIDADE-E-NIVEL-DE-AGUA_B1.pdf\" target=\"_blank\" rel=\"noopener\">INFORME - AVALIA\u00c7\u00c3O DO GRAU DE UMIDADE E N\u00cdVEL DE \u00c1GUA B1<\/a>\n<br>\n<a href=\"https:\/\/cimentotupi.com.br\/wp-content\/uploads\/2024\/11\/INFORME-%E2%80%93-AVALIACAO-DO-GRAU-DE-UMIDADE-E-NIVEL-DE-AGUA_LM.pdf\" target=\"_blank\" rel=\"noopener\">INFORME - AVALIA\u00c7\u00c3O DO GRAU DE UMIDADE E N\u00cdVEL DE \u00c1GUA LM<\/a>\n<br>\n<a href=\"https:\/\/cimentotupi.com.br\/wp-content\/uploads\/2025\/01\/INFORME-\u2013-AVALIACAO-DO-GRAU-DE-UMIDADE-E-NIVEL-DE-AGUA_LF.pdf\" target=\"_blank\" rel=\"noopener\">INFORME - AVALIA\u00c7\u00c3O DO GRAU DE UMIDADE E N\u00cdVEL DE \u00c1GUA LF<\/a><\/p><\/div>\n                <\/div><div class=\"eael-accordion-list\">\n                <div id=\"informaes-detalhadas-sobre-empresas-terceirizadas\" class=\"elementor-tab-title eael-accordion-header\" tabindex=\"2163\" data-tab=\"3\" role=\"tab\" aria-controls=\"elementor-tab-content-2163\"><span class=\"eael-accordion-tab-title\">INFORMA\u00c7\u00d5ES DETALHADAS SOBRE EMPRESAS TERCEIRIZADAS<\/span><i aria-hidden=\"true\" class=\"fa-toggle fas fa-plus\"><\/i><\/div><div id=\"elementor-tab-content-2163\" class=\"eael-accordion-content clearfix\" data-tab=\"3\" role=\"tabpanel\" aria-labelledby=\"informaes-detalhadas-sobre-empresas-terceirizadas\"><p><a href=\"https:\/\/cimentotupi.com.br\/wp-content\/uploads\/2024\/11\/INFORME-RELATORIO-EMPRESAS-TERCEIRIZADA_LM.pdf\" target=\"_blank\" rel=\"noopener\">INFORME - RELAT\u00d3RIO EMPRESAS TERCEIRIZADA LM<\/a>\n<br>\n<a href=\"https:\/\/cimentotupi.com.br\/wp-content\/uploads\/2024\/11\/INFORME-RELATORIO-EMPRESAS-TERCEIRIZADA_B1.pdf\" target=\"_blank\" rel=\"noopener\">INFORME - RELAT\u00d3RIO EMPRESAS TERCEIRIZADA B1<\/a>\n<br>\n<a href=\"https:\/\/cimentotupi.com.br\/wp-content\/uploads\/2025\/01\/INFORME-RELATORIO-EMPRESAS-TERCEIRIZADA_LF.pdf\" target=\"_blank\" rel=\"noopener\">INFORME - RELAT\u00d3RIO EMPRESAS TERCEIRIZADA LF<\/a><\/p><\/div>\n                <\/div><\/div>\t\t<\/div>\n\t\t\t\t<\/div>\n\t\t\t\t\t<\/div>\n\t\t<\/div>\n\t\t\t\t\t\t\t<\/div>\n\t\t<\/section>\n\t\t\t\t\t\t\t<\/div>\n\t\t\t\t\t\t                            <\/div>\n\t\t                    <\/div>\n        <\/div>\n\t\t<\/div>\n\t\t\t\t<\/div>\n\t\t\t\t\t<\/div>\n\t\t<\/div>\n\t\t\t\t\t\t\t<\/div>\n\t\t<\/section>\n\t\t\t\t<section class=\"elementor-section elementor-top-section elementor-element elementor-element-2da9718 elementor-section-stretched elementor-section-boxed elementor-section-height-default elementor-section-height-default\" data-id=\"2da9718\" data-element_type=\"section\" data-settings=\"{&quot;stretch_section&quot;:&quot;section-stretched&quot;}\">\n\t\t\t\t\t\t<div class=\"elementor-container elementor-column-gap-default\">\n\t\t\t\t\t<div class=\"elementor-column elementor-col-100 elementor-top-column elementor-element elementor-element-9b34e57\" data-id=\"9b34e57\" data-element_type=\"column\">\n\t\t\t<div class=\"elementor-widget-wrap elementor-element-populated\">\n\t\t\t\t\t\t\t\t<div class=\"elementor-element elementor-element-f1679c8 elementor-widget elementor-widget-text-editor\" data-id=\"f1679c8\" data-element_type=\"widget\" data-widget_type=\"text-editor.default\">\n\t\t\t\t<div class=\"elementor-widget-container\">\n\t\t\t\t\t\t\t<p>A Cimento Tupi realiza controles di\u00e1rios de suas barragens e executa diversas a\u00e7\u00f5es para garantir a seguran\u00e7a operacional e estrutural de cada uma delas. Seu compromisso \u00e9 trabalhar de forma transparente e respons\u00e1vel, atuando em conjunto com a sociedade para construir uma cultura de sustentabilidade, seguran\u00e7a e colabora\u00e7\u00e3o.&#8221;<\/p>\t\t\t\t\t\t<\/div>\n\t\t\t\t<\/div>\n\t\t\t\t\t<\/div>\n\t\t<\/div>\n\t\t\t\t\t\t\t<\/div>\n\t\t<\/section>\n\t\t\t\t\t\t\t<\/div>","protected":false},"excerpt":{"rendered":"<p>nossas barragens A Cimento Tupi conta com duas barragens de conten\u00e7\u00e3o de \u00e1gua e um dique de conten\u00e7\u00e3o de sedimentos. Todos possuem fator de seguran\u00e7a&hellip;<\/p>","protected":false},"author":1,"featured_media":0,"parent":0,"menu_order":0,"comment_status":"closed","ping_status":"closed","template":"elementor_header_footer","meta":{"footnotes":""},"class_list":["post-2215","page","type-page","status-publish","hentry"],"yoast_head":"<!-- This site is optimized with the Yoast SEO plugin v21.0 - https:\/\/yoast.com\/wordpress\/plugins\/seo\/ -->\n<title>Nossas Barragens - Cimento Tupi<\/title>\n<meta name=\"robots\" content=\"index, follow, max-snippet:-1, max-image-preview:large, max-video-preview:-1\" \/>\n<link rel=\"canonical\" href=\"https:\/\/cimentotupi.com.br\/en\/nossas-barragens\/\" \/>\n<meta property=\"og:locale\" content=\"en_US\" \/>\n<meta property=\"og:type\" content=\"article\" \/>\n<meta property=\"og:title\" content=\"Nossas Barragens - Cimento Tupi\" \/>\n<meta property=\"og:description\" content=\"nossas barragens A Cimento Tupi conta com duas barragens de conten\u00e7\u00e3o de \u00e1gua e um dique de conten\u00e7\u00e3o de sedimentos. Todos possuem fator de seguran\u00e7a&hellip;\" \/>\n<meta property=\"og:url\" content=\"https:\/\/cimentotupi.com.br\/en\/nossas-barragens\/\" \/>\n<meta property=\"og:site_name\" content=\"Cimento Tupi\" \/>\n<meta property=\"article:publisher\" content=\"https:\/\/www.facebook.com\/cimentotupi.sa\" \/>\n<meta property=\"article:modified_time\" content=\"2024-09-26T18:54:53+00:00\" \/>\n<meta name=\"twitter:card\" content=\"summary_large_image\" \/>\n<meta name=\"twitter:label1\" content=\"Est. reading time\" \/>\n\t<meta name=\"twitter:data1\" content=\"2 minutes\" \/>\n<script type=\"application\/ld+json\" class=\"yoast-schema-graph\">{\"@context\":\"https:\/\/schema.org\",\"@graph\":[{\"@type\":\"WebPage\",\"@id\":\"https:\/\/cimentotupi.com.br\/en\/nossas-barragens\/\",\"url\":\"https:\/\/cimentotupi.com.br\/en\/nossas-barragens\/\",\"name\":\"Nossas Barragens - Cimento Tupi\",\"isPartOf\":{\"@id\":\"https:\/\/cimentotupi.com.br\/#website\"},\"datePublished\":\"2024-09-24T00:33:03+00:00\",\"dateModified\":\"2024-09-26T18:54:53+00:00\",\"breadcrumb\":{\"@id\":\"https:\/\/cimentotupi.com.br\/en\/nossas-barragens\/#breadcrumb\"},\"inLanguage\":\"en-US\",\"potentialAction\":[{\"@type\":\"ReadAction\",\"target\":[\"https:\/\/cimentotupi.com.br\/en\/nossas-barragens\/\"]}]},{\"@type\":\"BreadcrumbList\",\"@id\":\"https:\/\/cimentotupi.com.br\/en\/nossas-barragens\/#breadcrumb\",\"itemListElement\":[{\"@type\":\"ListItem\",\"position\":1,\"name\":\"In\u00edcio\",\"item\":\"https:\/\/cimentotupi.com.br\/\"},{\"@type\":\"ListItem\",\"position\":2,\"name\":\"Nossas Barragens\"}]},{\"@type\":\"WebSite\",\"@id\":\"https:\/\/cimentotupi.com.br\/#website\",\"url\":\"https:\/\/cimentotupi.com.br\/\",\"name\":\"Cimento Tupi\",\"description\":\"\",\"publisher\":{\"@id\":\"https:\/\/cimentotupi.com.br\/#organization\"},\"potentialAction\":[{\"@type\":\"SearchAction\",\"target\":{\"@type\":\"EntryPoint\",\"urlTemplate\":\"https:\/\/cimentotupi.com.br\/?s={search_term_string}\"},\"query-input\":\"required name=search_term_string\"}],\"inLanguage\":\"en-US\"},{\"@type\":\"Organization\",\"@id\":\"https:\/\/cimentotupi.com.br\/#organization\",\"name\":\"Cimento Tupi\",\"url\":\"https:\/\/cimentotupi.com.br\/\",\"logo\":{\"@type\":\"ImageObject\",\"inLanguage\":\"en-US\",\"@id\":\"https:\/\/cimentotupi.com.br\/#\/schema\/logo\/image\/\",\"url\":\"https:\/\/cimentotupi.com.br\/wp-content\/uploads\/2021\/10\/Cimento-Tupi-logo.png\",\"contentUrl\":\"https:\/\/cimentotupi.com.br\/wp-content\/uploads\/2021\/10\/Cimento-Tupi-logo.png\",\"width\":310,\"height\":59,\"caption\":\"Cimento Tupi\"},\"image\":{\"@id\":\"https:\/\/cimentotupi.com.br\/#\/schema\/logo\/image\/\"},\"sameAs\":[\"https:\/\/www.facebook.com\/cimentotupi.sa\",\"https:\/\/www.instagram.com\/cimentotupi\/\"]}]}<\/script>\n<!-- \/ Yoast SEO plugin. -->","yoast_head_json":{"title":"Nossas Barragens - Cimento Tupi","robots":{"index":"index","follow":"follow","max-snippet":"max-snippet:-1","max-image-preview":"max-image-preview:large","max-video-preview":"max-video-preview:-1"},"canonical":"https:\/\/cimentotupi.com.br\/en\/nossas-barragens\/","og_locale":"en_US","og_type":"article","og_title":"Nossas Barragens - Cimento Tupi","og_description":"nossas barragens A Cimento Tupi conta com duas barragens de conten\u00e7\u00e3o de \u00e1gua e um dique de conten\u00e7\u00e3o de sedimentos. Todos possuem fator de seguran\u00e7a&hellip;","og_url":"https:\/\/cimentotupi.com.br\/en\/nossas-barragens\/","og_site_name":"Cimento Tupi","article_publisher":"https:\/\/www.facebook.com\/cimentotupi.sa","article_modified_time":"2024-09-26T18:54:53+00:00","twitter_card":"summary_large_image","twitter_misc":{"Est. reading time":"2 minutes"},"schema":{"@context":"https:\/\/schema.org","@graph":[{"@type":"WebPage","@id":"https:\/\/cimentotupi.com.br\/en\/nossas-barragens\/","url":"https:\/\/cimentotupi.com.br\/en\/nossas-barragens\/","name":"Nossas Barragens - Cimento Tupi","isPartOf":{"@id":"https:\/\/cimentotupi.com.br\/#website"},"datePublished":"2024-09-24T00:33:03+00:00","dateModified":"2024-09-26T18:54:53+00:00","breadcrumb":{"@id":"https:\/\/cimentotupi.com.br\/en\/nossas-barragens\/#breadcrumb"},"inLanguage":"en-US","potentialAction":[{"@type":"ReadAction","target":["https:\/\/cimentotupi.com.br\/en\/nossas-barragens\/"]}]},{"@type":"BreadcrumbList","@id":"https:\/\/cimentotupi.com.br\/en\/nossas-barragens\/#breadcrumb","itemListElement":[{"@type":"ListItem","position":1,"name":"In\u00edcio","item":"https:\/\/cimentotupi.com.br\/"},{"@type":"ListItem","position":2,"name":"Nossas Barragens"}]},{"@type":"WebSite","@id":"https:\/\/cimentotupi.com.br\/#website","url":"https:\/\/cimentotupi.com.br\/","name":"Cimento Tupi","description":"","publisher":{"@id":"https:\/\/cimentotupi.com.br\/#organization"},"potentialAction":[{"@type":"SearchAction","target":{"@type":"EntryPoint","urlTemplate":"https:\/\/cimentotupi.com.br\/?s={search_term_string}"},"query-input":"required name=search_term_string"}],"inLanguage":"en-US"},{"@type":"Organization","@id":"https:\/\/cimentotupi.com.br\/#organization","name":"Cimento Tupi","url":"https:\/\/cimentotupi.com.br\/","logo":{"@type":"ImageObject","inLanguage":"en-US","@id":"https:\/\/cimentotupi.com.br\/#\/schema\/logo\/image\/","url":"https:\/\/cimentotupi.com.br\/wp-content\/uploads\/2021\/10\/Cimento-Tupi-logo.png","contentUrl":"https:\/\/cimentotupi.com.br\/wp-content\/uploads\/2021\/10\/Cimento-Tupi-logo.png","width":310,"height":59,"caption":"Cimento Tupi"},"image":{"@id":"https:\/\/cimentotupi.com.br\/#\/schema\/logo\/image\/"},"sameAs":["https:\/\/www.facebook.com\/cimentotupi.sa","https:\/\/www.instagram.com\/cimentotupi\/"]}]}},"_links":{"self":[{"href":"https:\/\/cimentotupi.com.br\/en\/wp-json\/wp\/v2\/pages\/2215","targetHints":{"allow":["GET"]}}],"collection":[{"href":"https:\/\/cimentotupi.com.br\/en\/wp-json\/wp\/v2\/pages"}],"about":[{"href":"https:\/\/cimentotupi.com.br\/en\/wp-json\/wp\/v2\/types\/page"}],"author":[{"embeddable":true,"href":"https:\/\/cimentotupi.com.br\/en\/wp-json\/wp\/v2\/users\/1"}],"replies":[{"embeddable":true,"href":"https:\/\/cimentotupi.com.br\/en\/wp-json\/wp\/v2\/comments?post=2215"}],"version-history":[{"count":17,"href":"https:\/\/cimentotupi.com.br\/en\/wp-json\/wp\/v2\/pages\/2215\/revisions"}],"predecessor-version":[{"id":2297,"href":"https:\/\/cimentotupi.com.br\/en\/wp-json\/wp\/v2\/pages\/2215\/revisions\/2297"}],"wp:attachment":[{"href":"https:\/\/cimentotupi.com.br\/en\/wp-json\/wp\/v2\/media?parent=2215"}],"curies":[{"name":"wp","href":"https:\/\/api.w.org\/{rel}","templated":true}]}}