{"id":1990,"date":"2024-04-01T12:52:17","date_gmt":"2024-04-01T15:52:17","guid":{"rendered":"http:\/\/cimentotupi.com.br\/?page_id=1990"},"modified":"2024-04-01T13:50:15","modified_gmt":"2024-04-01T16:50:15","slug":"relatorio-de-transparencia-salarial","status":"publish","type":"page","link":"https:\/\/cimentotupi.com.br\/en\/relatorio-de-transparencia-salarial\/","title":{"rendered":"Relat\u00f3rio de Transpar\u00eancia Salarial"},"content":{"rendered":"<div data-elementor-type=\"wp-page\" data-elementor-id=\"1990\" class=\"elementor elementor-1990\">\n\t\t\t\t\t\t\t\t\t<section class=\"elementor-section elementor-top-section elementor-element elementor-element-59b65c1 elementor-section-height-min-height elementor-section-content-middle elementor-section-stretched elementor-section-boxed elementor-section-height-default elementor-section-items-middle\" data-id=\"59b65c1\" data-element_type=\"section\" data-settings=\"{&quot;stretch_section&quot;:&quot;section-stretched&quot;,&quot;background_background&quot;:&quot;classic&quot;}\">\n\t\t\t\t\t\t\t<div class=\"elementor-background-overlay\"><\/div>\n\t\t\t\t\t\t\t<div class=\"elementor-container elementor-column-gap-default\">\n\t\t\t\t\t<div class=\"elementor-column elementor-col-100 elementor-top-column elementor-element elementor-element-4aa8d50\" data-id=\"4aa8d50\" data-element_type=\"column\">\n\t\t\t<div class=\"elementor-widget-wrap\">\n\t\t\t\t\t\t\t\t\t<\/div>\n\t\t<\/div>\n\t\t\t\t\t\t\t<\/div>\n\t\t<\/section>\n\t\t\t\t<section class=\"elementor-section elementor-top-section elementor-element elementor-element-87c5b46 elementor-section-stretched elementor-section-content-middle elementor-section-boxed elementor-section-height-default elementor-section-height-default\" data-id=\"87c5b46\" data-element_type=\"section\" data-settings=\"{&quot;stretch_section&quot;:&quot;section-stretched&quot;}\">\n\t\t\t\t\t\t<div class=\"elementor-container elementor-column-gap-default\">\n\t\t\t\t\t<div class=\"elementor-column elementor-col-100 elementor-top-column elementor-element elementor-element-3ea3c98\" data-id=\"3ea3c98\" data-element_type=\"column\">\n\t\t\t<div class=\"elementor-widget-wrap elementor-element-populated\">\n\t\t\t\t\t\t\t\t<div class=\"elementor-element elementor-element-5e042d4 elementor-widget elementor-widget-heading\" data-id=\"5e042d4\" data-element_type=\"widget\" data-widget_type=\"heading.default\">\n\t\t\t\t<div class=\"elementor-widget-container\">\n\t\t\t<style>\/*! elementor - v3.10.2 - 29-01-2023 *\/\n.elementor-heading-title{padding:0;margin:0;line-height:1}.elementor-widget-heading .elementor-heading-title[class*=elementor-size-]>a{color:inherit;font-size:inherit;line-height:inherit}.elementor-widget-heading .elementor-heading-title.elementor-size-small{font-size:15px}.elementor-widget-heading .elementor-heading-title.elementor-size-medium{font-size:19px}.elementor-widget-heading .elementor-heading-title.elementor-size-large{font-size:29px}.elementor-widget-heading .elementor-heading-title.elementor-size-xl{font-size:39px}.elementor-widget-heading .elementor-heading-title.elementor-size-xxl{font-size:59px}<\/style><h1 class=\"elementor-heading-title elementor-size-default\">Relat\u00f3rio de Transpar\u00eancia Salarial\n<\/h1>\t\t<\/div>\n\t\t\t\t<\/div>\n\t\t\t\t\t<\/div>\n\t\t<\/div>\n\t\t\t\t\t\t\t<\/div>\n\t\t<\/section>\n\t\t\t\t<section class=\"elementor-section elementor-top-section elementor-element elementor-element-15dc2c0 elementor-section-stretched elementor-section-boxed elementor-section-height-default elementor-section-height-default\" data-id=\"15dc2c0\" data-element_type=\"section\" data-settings=\"{&quot;stretch_section&quot;:&quot;section-stretched&quot;}\">\n\t\t\t\t\t\t<div class=\"elementor-container elementor-column-gap-default\">\n\t\t\t\t\t<div class=\"elementor-column elementor-col-100 elementor-top-column elementor-element elementor-element-d19e5a7\" data-id=\"d19e5a7\" data-element_type=\"column\">\n\t\t\t<div class=\"elementor-widget-wrap elementor-element-populated\">\n\t\t\t\t\t\t\t\t<div class=\"elementor-element elementor-element-34f4b33 elementor-widget elementor-widget-eael-adv-tabs\" data-id=\"34f4b33\" data-element_type=\"widget\" data-widget_type=\"eael-adv-tabs.default\">\n\t\t\t\t<div class=\"elementor-widget-container\">\n\t\t\t        <div id=\"eael-advance-tabs-34f4b33\" class=\"eael-advance-tabs eael-tabs-horizontal eael-tab-auto-active active-caret-on\" data-tabid=\"34f4b33\">\n            <div class=\"eael-tabs-nav\">\n                <ul class=\"\">\n                                            <li id=\"documentos-publicados\" class=\"active-default eael-tab-item-trigger\" aria-selected=\"true\" data-tab=\"1\" role=\"tab\" tabindex=\"0\" aria-controls=\"documentos-publicados-tab\" aria-expanded=\"false\">\n                            \n                            \n                            \n                                                            <span class=\"eael-tab-title  title-after-icon\">Published Documents<\/span>                                                    <\/li>\n                                    <\/ul>\n            <\/div>\n            \n            <div class=\"eael-tabs-content\">\n\t\t        \n                    <div id=\"documentos-publicados-tab\" class=\"clearfix eael-tab-content-item active-default\" data-title-link=\"documentos-publicados-tab\">\n\t\t\t\t        \t\t\t\t\t        \t\t<div data-elementor-type=\"page\" data-elementor-id=\"1292\" class=\"elementor elementor-1292\">\n\t\t\t\t\t\t\t\t\t<section class=\"elementor-section elementor-top-section elementor-element elementor-element-e10e1e2 elementor-section-boxed elementor-section-height-default elementor-section-height-default\" data-id=\"e10e1e2\" data-element_type=\"section\">\n\t\t\t\t\t\t<div class=\"elementor-container elementor-column-gap-default\">\n\t\t\t\t\t<div class=\"elementor-column elementor-col-100 elementor-top-column elementor-element elementor-element-a70f4e8\" data-id=\"a70f4e8\" data-element_type=\"column\">\n\t\t\t<div class=\"elementor-widget-wrap elementor-element-populated\">\n\t\t\t\t\t\t\t\t<div class=\"elementor-element elementor-element-ce910b1 elementor-widget elementor-widget-eael-adv-accordion\" data-id=\"ce910b1\" data-element_type=\"widget\" data-widget_type=\"eael-adv-accordion.default\">\n\t\t\t\t<div class=\"elementor-widget-container\">\n\t\t\t        <div class=\"eael-adv-accordion\" id=\"eael-adv-accordion-ce910b1\" data-accordion-id=\"ce910b1\" data-accordion-type=\"accordion\" data-toogle-speed=\"300\">\n    <div class=\"eael-accordion-list\">\n                <div id=\"relatrios-2026\" class=\"elementor-tab-title eael-accordion-header\" tabindex=\"2161\" data-tab=\"1\" role=\"tab\" aria-controls=\"elementor-tab-content-2161\"><span class=\"eael-accordion-tab-title\">Relat\u00f3rios 2026<\/span><i aria-hidden=\"true\" class=\"fa-toggle fas fa-plus\"><\/i><\/div><div id=\"elementor-tab-content-2161\" class=\"eael-accordion-content clearfix\" data-tab=\"1\" role=\"tabpanel\" aria-labelledby=\"relatrios-2026\"><p><div class=\"gmail_default\">\n\n<a href=\"https:\/\/cimentotupi.com.br\/wp-content\/uploads\/2026\/04\/RelatorioIgualdadeSalarialLote_2026_1_33039223000626.pdf\" target=\"_blank\" rel=\"noopener\">1\u00ba Semestre 2026<\/a>\n\n<\/div><\/p><\/div>\n                <\/div><div class=\"eael-accordion-list\">\n                <div id=\"relatrios-2025\" class=\"elementor-tab-title eael-accordion-header\" tabindex=\"2162\" data-tab=\"2\" role=\"tab\" aria-controls=\"elementor-tab-content-2162\"><span class=\"eael-accordion-tab-title\">Relat\u00f3rios 2025<\/span><i aria-hidden=\"true\" class=\"fa-toggle fas fa-plus\"><\/i><\/div><div id=\"elementor-tab-content-2162\" class=\"eael-accordion-content clearfix\" data-tab=\"2\" role=\"tabpanel\" aria-labelledby=\"relatrios-2025\"><p><div class=\"gmail_default\">\n\n<a href=\"https:\/\/cimentotupi.com.br\/wp-content\/uploads\/2025\/03\/paisagem_organized.pdf\" target=\"_blank\" rel=\"noopener\">1\u00ba Semestre 2025<\/a>\n<\/div>\n\n<div class=\"gmail_default\">\n\n<a href=\"https:\/\/cimentotupi.com.br\/wp-content\/uploads\/2025\/09\/RelatorioIgualdadeSalarial.pdf\" target=\"_blank\" rel=\"noopener\">2\u00ba Semestre 2025<\/a>\n<\/div>\n<\/p><\/div>\n                <\/div><div class=\"eael-accordion-list\">\n                <div id=\"relatrios-2024\" class=\"elementor-tab-title eael-accordion-header\" tabindex=\"2163\" data-tab=\"3\" role=\"tab\" aria-controls=\"elementor-tab-content-2163\"><span class=\"eael-accordion-tab-title\">Relat\u00f3rios 2024<\/span><i aria-hidden=\"true\" class=\"fa-toggle fas fa-plus\"><\/i><\/div><div id=\"elementor-tab-content-2163\" class=\"eael-accordion-content clearfix\" data-tab=\"3\" role=\"tabpanel\" aria-labelledby=\"relatrios-2024\"><p><div class=\"gmail_default\"><p><a href=\"http:\/\/cimentotupi.com.br\/wp-content\/uploads\/2024\/03\/Relatorio-Transparencia-Salarial-Cimento-Tupi-Marco-2024.pdf\" target=\"_blank\" rel=\"noopener\">1\u00ba Semestre 2024<\/a><br \/><a href=\"http:\/\/cimentotupi.com.br\/wp-content\/uploads\/2024\/09\/Relatorio-transparencia-2o-semestre.pdf\" target=\"_blank\" rel=\"noopener\">2\u00ba Semestre 2024<\/a><\/p><\/div><\/p><\/div>\n                <\/div><\/div>\t\t<\/div>\n\t\t\t\t<\/div>\n\t\t\t\t\t<\/div>\n\t\t<\/div>\n\t\t\t\t\t\t\t<\/div>\n\t\t<\/section>\n\t\t\t\t\t\t\t<\/div>\n\t\t\t\t\t\t                            <\/div>\n\t\t                    <\/div>\n        <\/div>\n\t\t<\/div>\n\t\t\t\t<\/div>\n\t\t\t\t<div class=\"elementor-element elementor-element-87a67e8 elementor-align-center elementor-hidden-desktop elementor-hidden-tablet elementor-hidden-mobile elementor-widget elementor-widget-button\" data-id=\"87a67e8\" data-element_type=\"widget\" data-widget_type=\"button.default\">\n\t\t\t\t<div class=\"elementor-widget-container\">\n\t\t\t\t\t<div class=\"elementor-button-wrapper\">\n\t\t\t<a href=\"#\" class=\"elementor-button-link elementor-button elementor-size-sm\" role=\"button\">\n\t\t\t\t\t\t<span class=\"elementor-button-content-wrapper\">\n\t\t\t\t\t\t<span class=\"elementor-button-text\">Sign-up as an investor<\/span>\n\t\t<\/span>\n\t\t\t\t\t<\/a>\n\t\t<\/div>\n\t\t\t\t<\/div>\n\t\t\t\t<\/div>\n\t\t\t\t\t<\/div>\n\t\t<\/div>\n\t\t\t\t\t\t\t<\/div>\n\t\t<\/section>\n\t\t\t\t<section class=\"elementor-section elementor-top-section elementor-element elementor-element-7761e7c elementor-section-boxed elementor-section-height-default elementor-section-height-default\" data-id=\"7761e7c\" data-element_type=\"section\">\n\t\t\t\t\t\t<div class=\"elementor-container elementor-column-gap-default\">\n\t\t\t\t\t<div class=\"elementor-column elementor-col-100 elementor-top-column elementor-element elementor-element-9873639\" data-id=\"9873639\" data-element_type=\"column\">\n\t\t\t<div class=\"elementor-widget-wrap elementor-element-populated\">\n\t\t\t\t\t\t\t\t<div class=\"elementor-element elementor-element-34b4fe5 elementor-widget elementor-widget-text-editor\" data-id=\"34b4fe5\" data-element_type=\"widget\" data-widget_type=\"text-editor.default\">\n\t\t\t\t<div class=\"elementor-widget-container\">\n\t\t\t<style>\/*! elementor - v3.10.2 - 29-01-2023 *\/\n.elementor-widget-text-editor.elementor-drop-cap-view-stacked .elementor-drop-cap{background-color:#818a91;color:#fff}.elementor-widget-text-editor.elementor-drop-cap-view-framed .elementor-drop-cap{color:#818a91;border:3px solid;background-color:transparent}.elementor-widget-text-editor:not(.elementor-drop-cap-view-default) .elementor-drop-cap{margin-top:8px}.elementor-widget-text-editor:not(.elementor-drop-cap-view-default) .elementor-drop-cap-letter{width:1em;height:1em}.elementor-widget-text-editor .elementor-drop-cap{float:left;text-align:center;line-height:1;font-size:50px}.elementor-widget-text-editor .elementor-drop-cap-letter{display:inline-block}<\/style>\t\t\t\t<p><strong>As informa\u00e7\u00f5es referentes ao CNPJ 33.039.223\/0006-26 da Filial foram respondidas no CNPJ 33.039.223\/0001-11 da Matriz.<\/strong><\/p>\t\t\t\t\t\t<\/div>\n\t\t\t\t<\/div>\n\t\t\t\t\t<\/div>\n\t\t<\/div>\n\t\t\t\t\t\t\t<\/div>\n\t\t<\/section>\n\t\t\t\t\t\t\t<\/div>","protected":false},"excerpt":{"rendered":"<p>Relat\u00f3rio de Transpar\u00eancia Salarial DOCUMENTOS PUBLICADOS Relat\u00f3rios 2024 1\u00ba Semestre 2024 \u00a0 Cadastre-se como investidor As informa\u00e7\u00f5es referentes ao CNPJ 33.039.223\/0006-26 da Filial foram respondidas&hellip;<\/p>","protected":false},"author":1,"featured_media":0,"parent":0,"menu_order":0,"comment_status":"closed","ping_status":"closed","template":"elementor_header_footer","meta":{"footnotes":""},"class_list":["post-1990","page","type-page","status-publish","hentry"],"yoast_head":"<!-- This site is optimized with the Yoast SEO plugin v21.0 - https:\/\/yoast.com\/wordpress\/plugins\/seo\/ -->\n<title>Relat\u00f3rio de Transpar\u00eancia Salarial - Cimento Tupi<\/title>\n<meta name=\"robots\" content=\"index, follow, max-snippet:-1, max-image-preview:large, max-video-preview:-1\" \/>\n<link rel=\"canonical\" href=\"https:\/\/cimentotupi.com.br\/en\/relatorio-de-transparencia-salarial\/\" \/>\n<meta property=\"og:locale\" content=\"en_US\" \/>\n<meta property=\"og:type\" content=\"article\" \/>\n<meta property=\"og:title\" content=\"Relat\u00f3rio de Transpar\u00eancia Salarial - Cimento Tupi\" \/>\n<meta property=\"og:description\" content=\"Relat\u00f3rio de Transpar\u00eancia Salarial DOCUMENTOS PUBLICADOS Relat\u00f3rios 2024 1\u00ba Semestre 2024 \u00a0 Cadastre-se como investidor As informa\u00e7\u00f5es referentes ao CNPJ 33.039.223\/0006-26 da Filial foram respondidas&hellip;\" \/>\n<meta property=\"og:url\" content=\"https:\/\/cimentotupi.com.br\/en\/relatorio-de-transparencia-salarial\/\" \/>\n<meta property=\"og:site_name\" content=\"Cimento Tupi\" \/>\n<meta property=\"article:publisher\" content=\"https:\/\/www.facebook.com\/cimentotupi.sa\" \/>\n<meta property=\"article:modified_time\" content=\"2024-04-01T16:50:15+00:00\" \/>\n<meta name=\"twitter:card\" content=\"summary_large_image\" \/>\n<meta name=\"twitter:label1\" content=\"Est. reading time\" \/>\n\t<meta name=\"twitter:data1\" content=\"1 minute\" \/>\n<script type=\"application\/ld+json\" class=\"yoast-schema-graph\">{\"@context\":\"https:\/\/schema.org\",\"@graph\":[{\"@type\":\"WebPage\",\"@id\":\"https:\/\/cimentotupi.com.br\/relatorio-de-transparencia-salarial\/\",\"url\":\"https:\/\/cimentotupi.com.br\/relatorio-de-transparencia-salarial\/\",\"name\":\"Relat\u00f3rio de Transpar\u00eancia Salarial - Cimento Tupi\",\"isPartOf\":{\"@id\":\"https:\/\/cimentotupi.com.br\/#website\"},\"datePublished\":\"2024-04-01T15:52:17+00:00\",\"dateModified\":\"2024-04-01T16:50:15+00:00\",\"breadcrumb\":{\"@id\":\"https:\/\/cimentotupi.com.br\/relatorio-de-transparencia-salarial\/#breadcrumb\"},\"inLanguage\":\"en-US\",\"potentialAction\":[{\"@type\":\"ReadAction\",\"target\":[\"https:\/\/cimentotupi.com.br\/relatorio-de-transparencia-salarial\/\"]}]},{\"@type\":\"BreadcrumbList\",\"@id\":\"https:\/\/cimentotupi.com.br\/relatorio-de-transparencia-salarial\/#breadcrumb\",\"itemListElement\":[{\"@type\":\"ListItem\",\"position\":1,\"name\":\"In\u00edcio\",\"item\":\"https:\/\/cimentotupi.com.br\/\"},{\"@type\":\"ListItem\",\"position\":2,\"name\":\"Relat\u00f3rio de Transpar\u00eancia Salarial\"}]},{\"@type\":\"WebSite\",\"@id\":\"https:\/\/cimentotupi.com.br\/#website\",\"url\":\"https:\/\/cimentotupi.com.br\/\",\"name\":\"Cimento Tupi\",\"description\":\"\",\"publisher\":{\"@id\":\"https:\/\/cimentotupi.com.br\/#organization\"},\"potentialAction\":[{\"@type\":\"SearchAction\",\"target\":{\"@type\":\"EntryPoint\",\"urlTemplate\":\"https:\/\/cimentotupi.com.br\/?s={search_term_string}\"},\"query-input\":\"required name=search_term_string\"}],\"inLanguage\":\"en-US\"},{\"@type\":\"Organization\",\"@id\":\"https:\/\/cimentotupi.com.br\/#organization\",\"name\":\"Cimento Tupi\",\"url\":\"https:\/\/cimentotupi.com.br\/\",\"logo\":{\"@type\":\"ImageObject\",\"inLanguage\":\"en-US\",\"@id\":\"https:\/\/cimentotupi.com.br\/#\/schema\/logo\/image\/\",\"url\":\"https:\/\/cimentotupi.com.br\/wp-content\/uploads\/2021\/10\/Cimento-Tupi-logo.png\",\"contentUrl\":\"https:\/\/cimentotupi.com.br\/wp-content\/uploads\/2021\/10\/Cimento-Tupi-logo.png\",\"width\":310,\"height\":59,\"caption\":\"Cimento Tupi\"},\"image\":{\"@id\":\"https:\/\/cimentotupi.com.br\/#\/schema\/logo\/image\/\"},\"sameAs\":[\"https:\/\/www.facebook.com\/cimentotupi.sa\",\"https:\/\/www.instagram.com\/cimentotupi\/\"]}]}<\/script>\n<!-- \/ Yoast SEO plugin. -->","yoast_head_json":{"title":"Relat\u00f3rio de Transpar\u00eancia Salarial - Cimento Tupi","robots":{"index":"index","follow":"follow","max-snippet":"max-snippet:-1","max-image-preview":"max-image-preview:large","max-video-preview":"max-video-preview:-1"},"canonical":"https:\/\/cimentotupi.com.br\/en\/relatorio-de-transparencia-salarial\/","og_locale":"en_US","og_type":"article","og_title":"Relat\u00f3rio de Transpar\u00eancia Salarial - Cimento Tupi","og_description":"Relat\u00f3rio de Transpar\u00eancia Salarial DOCUMENTOS PUBLICADOS Relat\u00f3rios 2024 1\u00ba Semestre 2024 \u00a0 Cadastre-se como investidor As informa\u00e7\u00f5es referentes ao CNPJ 33.039.223\/0006-26 da Filial foram respondidas&hellip;","og_url":"https:\/\/cimentotupi.com.br\/en\/relatorio-de-transparencia-salarial\/","og_site_name":"Cimento Tupi","article_publisher":"https:\/\/www.facebook.com\/cimentotupi.sa","article_modified_time":"2024-04-01T16:50:15+00:00","twitter_card":"summary_large_image","twitter_misc":{"Est. reading time":"1 minute"},"schema":{"@context":"https:\/\/schema.org","@graph":[{"@type":"WebPage","@id":"https:\/\/cimentotupi.com.br\/relatorio-de-transparencia-salarial\/","url":"https:\/\/cimentotupi.com.br\/relatorio-de-transparencia-salarial\/","name":"Relat\u00f3rio de Transpar\u00eancia Salarial - Cimento Tupi","isPartOf":{"@id":"https:\/\/cimentotupi.com.br\/#website"},"datePublished":"2024-04-01T15:52:17+00:00","dateModified":"2024-04-01T16:50:15+00:00","breadcrumb":{"@id":"https:\/\/cimentotupi.com.br\/relatorio-de-transparencia-salarial\/#breadcrumb"},"inLanguage":"en-US","potentialAction":[{"@type":"ReadAction","target":["https:\/\/cimentotupi.com.br\/relatorio-de-transparencia-salarial\/"]}]},{"@type":"BreadcrumbList","@id":"https:\/\/cimentotupi.com.br\/relatorio-de-transparencia-salarial\/#breadcrumb","itemListElement":[{"@type":"ListItem","position":1,"name":"In\u00edcio","item":"https:\/\/cimentotupi.com.br\/"},{"@type":"ListItem","position":2,"name":"Relat\u00f3rio de Transpar\u00eancia Salarial"}]},{"@type":"WebSite","@id":"https:\/\/cimentotupi.com.br\/#website","url":"https:\/\/cimentotupi.com.br\/","name":"Cimento Tupi","description":"","publisher":{"@id":"https:\/\/cimentotupi.com.br\/#organization"},"potentialAction":[{"@type":"SearchAction","target":{"@type":"EntryPoint","urlTemplate":"https:\/\/cimentotupi.com.br\/?s={search_term_string}"},"query-input":"required name=search_term_string"}],"inLanguage":"en-US"},{"@type":"Organization","@id":"https:\/\/cimentotupi.com.br\/#organization","name":"Cimento Tupi","url":"https:\/\/cimentotupi.com.br\/","logo":{"@type":"ImageObject","inLanguage":"en-US","@id":"https:\/\/cimentotupi.com.br\/#\/schema\/logo\/image\/","url":"https:\/\/cimentotupi.com.br\/wp-content\/uploads\/2021\/10\/Cimento-Tupi-logo.png","contentUrl":"https:\/\/cimentotupi.com.br\/wp-content\/uploads\/2021\/10\/Cimento-Tupi-logo.png","width":310,"height":59,"caption":"Cimento Tupi"},"image":{"@id":"https:\/\/cimentotupi.com.br\/#\/schema\/logo\/image\/"},"sameAs":["https:\/\/www.facebook.com\/cimentotupi.sa","https:\/\/www.instagram.com\/cimentotupi\/"]}]}},"_links":{"self":[{"href":"https:\/\/cimentotupi.com.br\/en\/wp-json\/wp\/v2\/pages\/1990","targetHints":{"allow":["GET"]}}],"collection":[{"href":"https:\/\/cimentotupi.com.br\/en\/wp-json\/wp\/v2\/pages"}],"about":[{"href":"https:\/\/cimentotupi.com.br\/en\/wp-json\/wp\/v2\/types\/page"}],"author":[{"embeddable":true,"href":"https:\/\/cimentotupi.com.br\/en\/wp-json\/wp\/v2\/users\/1"}],"replies":[{"embeddable":true,"href":"https:\/\/cimentotupi.com.br\/en\/wp-json\/wp\/v2\/comments?post=1990"}],"version-history":[{"count":25,"href":"https:\/\/cimentotupi.com.br\/en\/wp-json\/wp\/v2\/pages\/1990\/revisions"}],"predecessor-version":[{"id":2020,"href":"https:\/\/cimentotupi.com.br\/en\/wp-json\/wp\/v2\/pages\/1990\/revisions\/2020"}],"wp:attachment":[{"href":"https:\/\/cimentotupi.com.br\/en\/wp-json\/wp\/v2\/media?parent=1990"}],"curies":[{"name":"wp","href":"https:\/\/api.w.org\/{rel}","templated":true}]}}