{"id":1144,"date":"2022-11-14T16:16:02","date_gmt":"2022-11-14T19:16:02","guid":{"rendered":"http:\/\/cimentotupi.com.br\/?page_id=1144"},"modified":"2025-12-26T15:40:28","modified_gmt":"2025-12-26T18:40:28","slug":"social-ambiental","status":"publish","type":"page","link":"https:\/\/cimentotupi.com.br\/en\/social-ambiental\/","title":{"rendered":"Social and Environmental"},"content":{"rendered":"<div data-elementor-type=\"wp-page\" data-elementor-id=\"1144\" class=\"elementor elementor-1144\">\n\t\t\t\t\t\t\t\t\t<section class=\"elementor-section elementor-top-section elementor-element elementor-element-59b65c1 elementor-section-height-min-height elementor-section-content-middle elementor-section-stretched elementor-section-boxed elementor-section-height-default elementor-section-items-middle\" data-id=\"59b65c1\" data-element_type=\"section\" data-settings=\"{&quot;stretch_section&quot;:&quot;section-stretched&quot;,&quot;background_background&quot;:&quot;classic&quot;}\">\n\t\t\t\t\t\t\t<div class=\"elementor-background-overlay\"><\/div>\n\t\t\t\t\t\t\t<div class=\"elementor-container elementor-column-gap-default\">\n\t\t\t\t\t<div class=\"elementor-column elementor-col-100 elementor-top-column elementor-element elementor-element-4aa8d50\" data-id=\"4aa8d50\" data-element_type=\"column\">\n\t\t\t<div class=\"elementor-widget-wrap\">\n\t\t\t\t\t\t\t\t\t<\/div>\n\t\t<\/div>\n\t\t\t\t\t\t\t<\/div>\n\t\t<\/section>\n\t\t\t\t<section class=\"elementor-section elementor-top-section elementor-element elementor-element-87c5b46 elementor-section-stretched elementor-section-content-middle elementor-section-boxed elementor-section-height-default elementor-section-height-default\" data-id=\"87c5b46\" data-element_type=\"section\" data-settings=\"{&quot;stretch_section&quot;:&quot;section-stretched&quot;}\">\n\t\t\t\t\t\t<div class=\"elementor-container elementor-column-gap-default\">\n\t\t\t\t\t<div class=\"elementor-column elementor-col-100 elementor-top-column elementor-element elementor-element-3ea3c98\" data-id=\"3ea3c98\" data-element_type=\"column\">\n\t\t\t<div class=\"elementor-widget-wrap elementor-element-populated\">\n\t\t\t\t\t\t\t\t<div class=\"elementor-element elementor-element-5e042d4 elementor-widget elementor-widget-heading\" data-id=\"5e042d4\" data-element_type=\"widget\" data-widget_type=\"heading.default\">\n\t\t\t\t<div class=\"elementor-widget-container\">\n\t\t\t<style>\/*! elementor - v3.10.2 - 29-01-2023 *\/\n.elementor-heading-title{padding:0;margin:0;line-height:1}.elementor-widget-heading .elementor-heading-title[class*=elementor-size-]>a{color:inherit;font-size:inherit;line-height:inherit}.elementor-widget-heading .elementor-heading-title.elementor-size-small{font-size:15px}.elementor-widget-heading .elementor-heading-title.elementor-size-medium{font-size:19px}.elementor-widget-heading .elementor-heading-title.elementor-size-large{font-size:29px}.elementor-widget-heading .elementor-heading-title.elementor-size-xl{font-size:39px}.elementor-widget-heading .elementor-heading-title.elementor-size-xxl{font-size:59px}<\/style><h1 class=\"elementor-heading-title elementor-size-default translation-block\">Social and Environmental Responsibility<\/h1>\t\t<\/div>\n\t\t\t\t<\/div>\n\t\t\t\t\t<\/div>\n\t\t<\/div>\n\t\t\t\t\t\t\t<\/div>\n\t\t<\/section>\n\t\t\t\t<section class=\"elementor-section elementor-top-section elementor-element elementor-element-bd7fd5d elementor-section-stretched elementor-section-content-middle elementor-section-boxed elementor-section-height-default elementor-section-height-default\" data-id=\"bd7fd5d\" data-element_type=\"section\" data-settings=\"{&quot;stretch_section&quot;:&quot;section-stretched&quot;}\">\n\t\t\t\t\t\t<div class=\"elementor-container elementor-column-gap-default\">\n\t\t\t\t\t<div class=\"elementor-column elementor-col-100 elementor-top-column elementor-element elementor-element-5fd9a33\" data-id=\"5fd9a33\" data-element_type=\"column\">\n\t\t\t<div class=\"elementor-widget-wrap elementor-element-populated\">\n\t\t\t\t\t\t\t\t<div class=\"elementor-element elementor-element-a7a65a7 elementor-widget elementor-widget-heading\" data-id=\"a7a65a7\" data-element_type=\"widget\" data-widget_type=\"heading.default\">\n\t\t\t\t<div class=\"elementor-widget-container\">\n\t\t\t<h3 class=\"elementor-heading-title elementor-size-default\">Social and Environmental Responsibility<\/h3>\t\t<\/div>\n\t\t\t\t<\/div>\n\t\t\t\t<div class=\"elementor-element elementor-element-5c69f54 elementor-widget elementor-widget-text-editor\" data-id=\"5c69f54\" data-element_type=\"widget\" data-widget_type=\"text-editor.default\">\n\t\t\t\t<div class=\"elementor-widget-container\">\n\t\t\t<style>\/*! elementor - v3.10.2 - 29-01-2023 *\/\n.elementor-widget-text-editor.elementor-drop-cap-view-stacked .elementor-drop-cap{background-color:#818a91;color:#fff}.elementor-widget-text-editor.elementor-drop-cap-view-framed .elementor-drop-cap{color:#818a91;border:3px solid;background-color:transparent}.elementor-widget-text-editor:not(.elementor-drop-cap-view-default) .elementor-drop-cap{margin-top:8px}.elementor-widget-text-editor:not(.elementor-drop-cap-view-default) .elementor-drop-cap-letter{width:1em;height:1em}.elementor-widget-text-editor .elementor-drop-cap{float:left;text-align:center;line-height:1;font-size:50px}.elementor-widget-text-editor .elementor-drop-cap-letter{display:inline-block}<\/style>\t\t\t\t<p>O cuidado e a preserva\u00e7\u00e3o do meio ambiente s\u00e3o temas de extrema import\u00e2ncia para a Cimento Tupi e fazem parte do dia a dia da empresa. Para isso a empresa possui uma equipe que atua constantemente na conscientiza\u00e7\u00e3o de seus colaboradores sobre a import\u00e2ncia do meio ambiente e na busca por solu\u00e7\u00f5es e alternativas para melhorar os sistemas de controles ambientais e reduzir os potenciais impactos causados pela ind\u00fastria. Al\u00e9m disso, empresa mant\u00e9m um canal de contato direto \u00e0 disposi\u00e7\u00e3o das Comunidades do entorno de suas F\u00e1bricas para tratar de todos os assuntos relacionados ao meio ambiente, tais como d\u00favidas e reclama\u00e7\u00f5es atrav\u00e9s do <b>telefone 0800 030 4600<\/b>.<\/p><p><strong>Air Quality Monitoring<\/strong><br \/>Over the time, the company has been investing in new technologies aimed at greater efficiency and lifespan of filters, continuous and appropriate monitoring of emissions from its clinker furnace, maintaining dust collection and spraying systems for the humidification of unpaved roads and open-air stockpiles. The company also periodically conducts air quality measurements through analysis sensors installed around the Pedra do Sino unit in Minas Gerais.<\/p><p><strong>Water Usage<\/strong><br \/>A Cimento Tupi, comprometida com o meio ambiente, realiza em suas unidades a\u00e7\u00f5es voltadas a preserva\u00e7\u00e3o e conserva\u00e7\u00e3o de recursos naturais. Diante da import\u00e2ncia do uso racional da \u00e1gua na sociedade, a empresa adota uma pol\u00edtica de gest\u00e3o deste recurso que inclui o monitoramento do consumo em suas unidades industriais, a conscientiza\u00e7\u00e3o de seus colaboradores e recircula\u00e7\u00e3o de cerca de 40% de toda a \u00e1gua utilizada em seu processo produtivo, reduzindo assim o volume de \u00e1gua captada para uso industrial. Somado a essas a\u00e7\u00f5es a empresa trata 100% dos efluentes l\u00edquidos gerados em suas unidades fabris antes de seu lan\u00e7amento no meio ambiente.<\/p><p><strong>Waste and Coprocessing<\/strong><br \/>The company makes every effort to reduce, reuse and recycle the waste generated by its activities and also invests in the development of new alternative sources of less polluting fuels through co-processing waste  in clinker furnaces, licensed at Pedra do Sino unit in Minas Gerais since 2006. Co-processing promotes the definitive waste disposal without generating byproducts, assists in reducing greenhouse gas emissions, and decreases the use of non-renewable natural resources.<\/p><p><strong>Green Areas<\/strong><br \/>Cimento Tupi is committed to preserving the environment, which is one of its most important commitments. The Pedra do Sino unit has more than 250 hectares of preserved Atlantic Forest surrounding it, which is preserved by the company. In addition, the company constantly invests in reforestation activities in the surrounding area, ensuring the preservation of the region's fauna and flora.<\/p><h3>SOCIAL RESPONSABILITY<\/h3><p>The Cimento Tupi has over time been adopting measures and practices aimed at reducing the impact of its activities on society and the environment. Among these measures are:<\/p><p><strong>Environmental Education Program<\/strong><br \/>Initiated in 2007, Cimento Tupi's Environmental Education Program (EEP) is a structure of educational projects focused on the environment, aimed at providing a teaching and learning process through theoretical and practical aspects directly to its employees and the social groups of the communities surrounding the Pedra do Sino factory. The goal is to offer an effective environmental education alternative and knowledge about the factory's operation and its respective impacts regarding the environment. In 2021, the program was restructured through the development of the Participatory Socio-environmental Diagnosis (DSP), which redirected the program's objectives towards building a collective understanding of the local reality. This approach considers the potential environmental impacts of the Pedra do Sino company on the surrounding communities.<\/p><h4><strong>Projetos Apoiados<br \/><\/strong><\/h4><div><p><strong>Doa\u00e7\u00e3o de Lacres<br \/><\/strong>Implantado em 2021, o projeto busca engajar todos os seus colaboradores na capta\u00e7\u00e3o de lacres de alum\u00ednio que ser\u00e3o vendidos para recicladores e o valor arrecadado \u00e9 destinado a realiza\u00e7\u00e3o de a\u00e7\u00f5es sociais. A empresa possui pontos de coleta em todas as unidades.<\/p><\/div><div><div><strong>\u00d3leo do Bem<\/strong><\/div><div>A parceria visa recolher \u00f3leo vegetal para transforma\u00e7\u00e3o do mesmo em biodiesel. Os valores arrecadados s\u00e3o revertidos em a\u00e7\u00f5es sociais.<\/div><div>\u00a0<\/div><div><strong>Patas e Tampas<\/strong><\/div><div>O projeto recolhe tampas de pl\u00e1stico ou metal que s\u00e3o vendidas para recicladores. O valor arrecadado na venda \u00e9 destinado a custear exames e tratamentos de animais abandonados ou de rua de a\u00e7\u00f5es apoiadas por protetores independentes.<\/div><div>\u00a0<\/div><div><strong>Cultura e Cidadania<\/strong><\/div><p>Em 2024 realizamos a segunda\u00a0edi\u00e7\u00e3o do projeto Cultura &amp; Cidadania, patrocinado pela Cimento Tupi. A programa\u00e7\u00e3o cultural oferece em Caranda\u00ed apresenta\u00e7\u00f5es de artes c\u00eanicas, exibi\u00e7\u00e3o de filmes e oficinas culturais. Todas as atividades s\u00e3o gratuitas e se destinam a crian\u00e7as, jovens, adultos e idosos. O projeto promover\u00e1 na cidade 04 oficinas: \u00a0Artesanato, Teatro para crian\u00e7as, Teatro para jovens e Dan\u00e7a.<\/p><\/div>\t\t\t\t\t\t<\/div>\n\t\t\t\t<\/div>\n\t\t\t\t<section class=\"elementor-section elementor-inner-section elementor-element elementor-element-d9b4a11 elementor-section-boxed elementor-section-height-default elementor-section-height-default\" data-id=\"d9b4a11\" data-element_type=\"section\">\n\t\t\t\t\t\t<div class=\"elementor-container elementor-column-gap-default\">\n\t\t\t\t\t<div class=\"elementor-column elementor-col-33 elementor-inner-column elementor-element elementor-element-bd2b4dd\" data-id=\"bd2b4dd\" data-element_type=\"column\">\n\t\t\t<div class=\"elementor-widget-wrap elementor-element-populated\">\n\t\t\t\t\t\t\t\t<div class=\"elementor-element elementor-element-5f3ec07 elementor-widget elementor-widget-image\" data-id=\"5f3ec07\" data-element_type=\"widget\" data-widget_type=\"image.default\">\n\t\t\t\t<div class=\"elementor-widget-container\">\n\t\t\t<style>\/*! elementor - v3.10.2 - 29-01-2023 *\/\n.elementor-widget-image{text-align:center}.elementor-widget-image a{display:inline-block}.elementor-widget-image a img[src$=\".svg\"]{width:48px}.elementor-widget-image img{vertical-align:middle;display:inline-block}<\/style>\t\t\t\t\t\t\t\t\t\t\t\t<img loading=\"lazy\" decoding=\"async\" width=\"484\" height=\"259\" src=\"https:\/\/cimentotupi.com.br\/wp-content\/uploads\/2023\/02\/responsabilidade-socio-ambienta.jpg\" class=\"attachment-large size-large wp-image-1372\" alt=\"\" srcset=\"https:\/\/cimentotupi.com.br\/wp-content\/uploads\/2023\/02\/responsabilidade-socio-ambienta.jpg 484w, https:\/\/cimentotupi.com.br\/wp-content\/uploads\/2023\/02\/responsabilidade-socio-ambienta-300x161.jpg 300w, https:\/\/cimentotupi.com.br\/wp-content\/uploads\/2023\/02\/responsabilidade-socio-ambienta-18x10.jpg 18w\" sizes=\"auto, (max-width: 484px) 100vw, 484px\" \/>\t\t\t\t\t\t\t\t\t\t\t\t\t\t\t<\/div>\n\t\t\t\t<\/div>\n\t\t\t\t\t<\/div>\n\t\t<\/div>\n\t\t\t\t<div class=\"elementor-column elementor-col-33 elementor-inner-column elementor-element elementor-element-69a8a2c\" data-id=\"69a8a2c\" data-element_type=\"column\">\n\t\t\t<div class=\"elementor-widget-wrap elementor-element-populated\">\n\t\t\t\t\t\t\t\t<div class=\"elementor-element elementor-element-38f8b00 elementor-widget elementor-widget-image\" data-id=\"38f8b00\" data-element_type=\"widget\" data-widget_type=\"image.default\">\n\t\t\t\t<div class=\"elementor-widget-container\">\n\t\t\t\t\t\t\t\t\t\t\t\t\t\t\t<img loading=\"lazy\" decoding=\"async\" width=\"484\" height=\"259\" src=\"https:\/\/cimentotupi.com.br\/wp-content\/uploads\/2021\/10\/responsabilidade-socio-ambiental-2.jpg\" class=\"attachment-large size-large wp-image-209\" alt=\"\" srcset=\"https:\/\/cimentotupi.com.br\/wp-content\/uploads\/2021\/10\/responsabilidade-socio-ambiental-2.jpg 484w, https:\/\/cimentotupi.com.br\/wp-content\/uploads\/2021\/10\/responsabilidade-socio-ambiental-2-300x161.jpg 300w\" sizes=\"auto, (max-width: 484px) 100vw, 484px\" \/>\t\t\t\t\t\t\t\t\t\t\t\t\t\t\t<\/div>\n\t\t\t\t<\/div>\n\t\t\t\t\t<\/div>\n\t\t<\/div>\n\t\t\t\t<div class=\"elementor-column elementor-col-33 elementor-inner-column elementor-element elementor-element-343b0b8\" data-id=\"343b0b8\" data-element_type=\"column\">\n\t\t\t<div class=\"elementor-widget-wrap elementor-element-populated\">\n\t\t\t\t\t\t\t\t<div class=\"elementor-element elementor-element-e85d022 elementor-widget elementor-widget-image\" data-id=\"e85d022\" data-element_type=\"widget\" data-widget_type=\"image.default\">\n\t\t\t\t<div class=\"elementor-widget-container\">\n\t\t\t\t\t\t\t\t\t\t\t\t\t\t\t<img loading=\"lazy\" decoding=\"async\" width=\"484\" height=\"259\" src=\"https:\/\/cimentotupi.com.br\/wp-content\/uploads\/2021\/10\/responsabilidade-socio-ambiental-3.jpg\" class=\"attachment-large size-large wp-image-210\" alt=\"\" srcset=\"https:\/\/cimentotupi.com.br\/wp-content\/uploads\/2021\/10\/responsabilidade-socio-ambiental-3.jpg 484w, https:\/\/cimentotupi.com.br\/wp-content\/uploads\/2021\/10\/responsabilidade-socio-ambiental-3-300x161.jpg 300w\" sizes=\"auto, (max-width: 484px) 100vw, 484px\" \/>\t\t\t\t\t\t\t\t\t\t\t\t\t\t\t<\/div>\n\t\t\t\t<\/div>\n\t\t\t\t\t<\/div>\n\t\t<\/div>\n\t\t\t\t\t\t\t<\/div>\n\t\t<\/section>\n\t\t\t\t\t<\/div>\n\t\t<\/div>\n\t\t\t\t\t\t\t<\/div>\n\t\t<\/section>\n\t\t\t\t<section class=\"elementor-section elementor-top-section elementor-element elementor-element-4c53930 elementor-section-stretched elementor-section-content-middle elementor-section-boxed elementor-section-height-default elementor-section-height-default\" data-id=\"4c53930\" data-element_type=\"section\" data-settings=\"{&quot;stretch_section&quot;:&quot;section-stretched&quot;,&quot;background_background&quot;:&quot;classic&quot;}\">\n\t\t\t\t\t\t<div class=\"elementor-container elementor-column-gap-default\">\n\t\t\t\t\t<div class=\"elementor-column elementor-col-100 elementor-top-column elementor-element elementor-element-4082735\" data-id=\"4082735\" data-element_type=\"column\">\n\t\t\t<div class=\"elementor-widget-wrap elementor-element-populated\">\n\t\t\t\t\t\t\t\t<div class=\"elementor-element elementor-element-7df1eee elementor-widget elementor-widget-heading\" data-id=\"7df1eee\" data-element_type=\"widget\" data-widget_type=\"heading.default\">\n\t\t\t\t<div class=\"elementor-widget-container\">\n\t\t\t<h3 class=\"elementor-heading-title elementor-size-default\">EIA\/RIMA Expans\u00e3o Mina Pedra do Sino<\/h3>\t\t<\/div>\n\t\t\t\t<\/div>\n\t\t\t\t<div class=\"elementor-element elementor-element-0698667 elementor-widget elementor-widget-text-editor\" data-id=\"0698667\" data-element_type=\"widget\" data-widget_type=\"text-editor.default\">\n\t\t\t\t<div class=\"elementor-widget-container\">\n\t\t\t\t\t\t\tAcesse os documentos relacionados ao Processo Administrativo n\u00ba 00071\/1979\/052\/2014 , SEI n\u00ba 1370.01.0042761\/2020-26 , LAC1 (LP+LI+LO) para implanta\u00e7\u00e3o de pilhas de est\u00e9ril e supress\u00e3o de vegeta\u00e7\u00e3o dispon\u00edveis para consulta, em caso de d\u00favidas entre em contato atrav\u00e9s do telefone 0800 030 460.\n\n<ul>\n  <li>\n    <a href=\"https:\/\/cimentotupi.com.br\/wp-content\/uploads\/2025\/12\/VF_-EIA_RIMA122025.pdf\" target=\"_blank\" rel=\"noopener noreferrer\">\n      RELAT\u00d3RIO DE IMPACTO AMBIENTAL &#8211; RIMA\n    <\/a>\n  <\/li>\n  <li>\n    <a href=\"https:\/\/cimentotupi.com.br\/wp-content\/uploads\/2025\/12\/VF_-PCA_Anexos.pdf\" target=\"_blank\" rel=\"noopener noreferrer\">\n      PCA &#8211; PLANO DE CONTROLE AMBIENTAL\n    <\/a>\n  <\/li>\n  <li>\n    <a href=\"https:\/\/cimentotupi.com.br\/wp-content\/uploads\/2025\/12\/EIA-Estudo-de-Impacto-Ambiental-C-Tupi.pdf\" target=\"_blank\" rel=\"noopener noreferrer\">\n      EIA \u2013 ESTUDO DE IMPACTO AMBIENTAL\n    <\/a>\n  <\/li>\n<\/ul>\t\t\t\t\t\t<\/div>\n\t\t\t\t<\/div>\n\t\t\t\t\t<\/div>\n\t\t<\/div>\n\t\t\t\t\t\t\t<\/div>\n\t\t<\/section>\n\t\t\t\t\t\t\t<\/div>","protected":false},"excerpt":{"rendered":"<p>Responsabilidade social e ambiental Responsabilidade Socioambiental O cuidado e a preserva\u00e7\u00e3o do meio ambiente s\u00e3o temas de extrema import\u00e2ncia para a Cimento Tupi e fazem&hellip;<\/p>","protected":false},"author":1,"featured_media":0,"parent":0,"menu_order":0,"comment_status":"closed","ping_status":"closed","template":"","meta":{"footnotes":""},"class_list":["post-1144","page","type-page","status-publish","hentry"],"yoast_head":"<!-- This site is optimized with the Yoast SEO plugin v21.0 - https:\/\/yoast.com\/wordpress\/plugins\/seo\/ -->\n<title>Social e Ambiental - Cimento Tupi<\/title>\n<meta name=\"robots\" content=\"index, follow, max-snippet:-1, max-image-preview:large, max-video-preview:-1\" \/>\n<link rel=\"canonical\" href=\"https:\/\/cimentotupi.com.br\/en\/social-ambiental\/\" \/>\n<meta property=\"og:locale\" content=\"en_US\" \/>\n<meta property=\"og:type\" content=\"article\" \/>\n<meta property=\"og:title\" content=\"Social e Ambiental - Cimento Tupi\" \/>\n<meta property=\"og:description\" content=\"Responsabilidade social e ambiental Responsabilidade Socioambiental O cuidado e a preserva\u00e7\u00e3o do meio ambiente s\u00e3o temas de extrema import\u00e2ncia para a Cimento Tupi e fazem&hellip;\" \/>\n<meta property=\"og:url\" content=\"https:\/\/cimentotupi.com.br\/en\/social-ambiental\/\" \/>\n<meta property=\"og:site_name\" content=\"Cimento Tupi\" \/>\n<meta property=\"article:publisher\" content=\"https:\/\/www.facebook.com\/cimentotupi.sa\" \/>\n<meta property=\"article:modified_time\" content=\"2025-12-26T18:40:28+00:00\" \/>\n<meta property=\"og:image\" content=\"https:\/\/cimentotupi.com.br\/wp-content\/uploads\/2023\/02\/responsabilidade-socio-ambienta.jpg\" \/>\n<meta name=\"twitter:card\" content=\"summary_large_image\" \/>\n<meta name=\"twitter:label1\" content=\"Est. reading time\" \/>\n\t<meta name=\"twitter:data1\" content=\"6 minutes\" \/>\n<script type=\"application\/ld+json\" class=\"yoast-schema-graph\">{\"@context\":\"https:\/\/schema.org\",\"@graph\":[{\"@type\":\"WebPage\",\"@id\":\"https:\/\/cimentotupi.com.br\/social-ambiental\/\",\"url\":\"https:\/\/cimentotupi.com.br\/social-ambiental\/\",\"name\":\"Social e Ambiental - Cimento Tupi\",\"isPartOf\":{\"@id\":\"https:\/\/cimentotupi.com.br\/#website\"},\"datePublished\":\"2022-11-14T19:16:02+00:00\",\"dateModified\":\"2025-12-26T18:40:28+00:00\",\"breadcrumb\":{\"@id\":\"https:\/\/cimentotupi.com.br\/social-ambiental\/#breadcrumb\"},\"inLanguage\":\"en-US\",\"potentialAction\":[{\"@type\":\"ReadAction\",\"target\":[\"https:\/\/cimentotupi.com.br\/social-ambiental\/\"]}]},{\"@type\":\"BreadcrumbList\",\"@id\":\"https:\/\/cimentotupi.com.br\/social-ambiental\/#breadcrumb\",\"itemListElement\":[{\"@type\":\"ListItem\",\"position\":1,\"name\":\"In\u00edcio\",\"item\":\"https:\/\/cimentotupi.com.br\/\"},{\"@type\":\"ListItem\",\"position\":2,\"name\":\"Social e Ambiental\"}]},{\"@type\":\"WebSite\",\"@id\":\"https:\/\/cimentotupi.com.br\/#website\",\"url\":\"https:\/\/cimentotupi.com.br\/\",\"name\":\"Cimento Tupi\",\"description\":\"\",\"publisher\":{\"@id\":\"https:\/\/cimentotupi.com.br\/#organization\"},\"potentialAction\":[{\"@type\":\"SearchAction\",\"target\":{\"@type\":\"EntryPoint\",\"urlTemplate\":\"https:\/\/cimentotupi.com.br\/?s={search_term_string}\"},\"query-input\":\"required name=search_term_string\"}],\"inLanguage\":\"en-US\"},{\"@type\":\"Organization\",\"@id\":\"https:\/\/cimentotupi.com.br\/#organization\",\"name\":\"Cimento Tupi\",\"url\":\"https:\/\/cimentotupi.com.br\/\",\"logo\":{\"@type\":\"ImageObject\",\"inLanguage\":\"en-US\",\"@id\":\"https:\/\/cimentotupi.com.br\/#\/schema\/logo\/image\/\",\"url\":\"https:\/\/cimentotupi.com.br\/wp-content\/uploads\/2021\/10\/Cimento-Tupi-logo.png\",\"contentUrl\":\"https:\/\/cimentotupi.com.br\/wp-content\/uploads\/2021\/10\/Cimento-Tupi-logo.png\",\"width\":310,\"height\":59,\"caption\":\"Cimento Tupi\"},\"image\":{\"@id\":\"https:\/\/cimentotupi.com.br\/#\/schema\/logo\/image\/\"},\"sameAs\":[\"https:\/\/www.facebook.com\/cimentotupi.sa\",\"https:\/\/www.instagram.com\/cimentotupi\/\"]}]}<\/script>\n<!-- \/ Yoast SEO plugin. -->","yoast_head_json":{"title":"Social e Ambiental - Cimento Tupi","robots":{"index":"index","follow":"follow","max-snippet":"max-snippet:-1","max-image-preview":"max-image-preview:large","max-video-preview":"max-video-preview:-1"},"canonical":"https:\/\/cimentotupi.com.br\/en\/social-ambiental\/","og_locale":"en_US","og_type":"article","og_title":"Social e Ambiental - Cimento Tupi","og_description":"Responsabilidade social e ambiental Responsabilidade Socioambiental O cuidado e a preserva\u00e7\u00e3o do meio ambiente s\u00e3o temas de extrema import\u00e2ncia para a Cimento Tupi e fazem&hellip;","og_url":"https:\/\/cimentotupi.com.br\/en\/social-ambiental\/","og_site_name":"Cimento Tupi","article_publisher":"https:\/\/www.facebook.com\/cimentotupi.sa","article_modified_time":"2025-12-26T18:40:28+00:00","og_image":[{"url":"https:\/\/cimentotupi.com.br\/wp-content\/uploads\/2023\/02\/responsabilidade-socio-ambienta.jpg"}],"twitter_card":"summary_large_image","twitter_misc":{"Est. reading time":"6 minutes"},"schema":{"@context":"https:\/\/schema.org","@graph":[{"@type":"WebPage","@id":"https:\/\/cimentotupi.com.br\/social-ambiental\/","url":"https:\/\/cimentotupi.com.br\/social-ambiental\/","name":"Social e Ambiental - Cimento Tupi","isPartOf":{"@id":"https:\/\/cimentotupi.com.br\/#website"},"datePublished":"2022-11-14T19:16:02+00:00","dateModified":"2025-12-26T18:40:28+00:00","breadcrumb":{"@id":"https:\/\/cimentotupi.com.br\/social-ambiental\/#breadcrumb"},"inLanguage":"en-US","potentialAction":[{"@type":"ReadAction","target":["https:\/\/cimentotupi.com.br\/social-ambiental\/"]}]},{"@type":"BreadcrumbList","@id":"https:\/\/cimentotupi.com.br\/social-ambiental\/#breadcrumb","itemListElement":[{"@type":"ListItem","position":1,"name":"In\u00edcio","item":"https:\/\/cimentotupi.com.br\/"},{"@type":"ListItem","position":2,"name":"Social e Ambiental"}]},{"@type":"WebSite","@id":"https:\/\/cimentotupi.com.br\/#website","url":"https:\/\/cimentotupi.com.br\/","name":"Cimento Tupi","description":"","publisher":{"@id":"https:\/\/cimentotupi.com.br\/#organization"},"potentialAction":[{"@type":"SearchAction","target":{"@type":"EntryPoint","urlTemplate":"https:\/\/cimentotupi.com.br\/?s={search_term_string}"},"query-input":"required name=search_term_string"}],"inLanguage":"en-US"},{"@type":"Organization","@id":"https:\/\/cimentotupi.com.br\/#organization","name":"Cimento Tupi","url":"https:\/\/cimentotupi.com.br\/","logo":{"@type":"ImageObject","inLanguage":"en-US","@id":"https:\/\/cimentotupi.com.br\/#\/schema\/logo\/image\/","url":"https:\/\/cimentotupi.com.br\/wp-content\/uploads\/2021\/10\/Cimento-Tupi-logo.png","contentUrl":"https:\/\/cimentotupi.com.br\/wp-content\/uploads\/2021\/10\/Cimento-Tupi-logo.png","width":310,"height":59,"caption":"Cimento Tupi"},"image":{"@id":"https:\/\/cimentotupi.com.br\/#\/schema\/logo\/image\/"},"sameAs":["https:\/\/www.facebook.com\/cimentotupi.sa","https:\/\/www.instagram.com\/cimentotupi\/"]}]}},"_links":{"self":[{"href":"https:\/\/cimentotupi.com.br\/en\/wp-json\/wp\/v2\/pages\/1144","targetHints":{"allow":["GET"]}}],"collection":[{"href":"https:\/\/cimentotupi.com.br\/en\/wp-json\/wp\/v2\/pages"}],"about":[{"href":"https:\/\/cimentotupi.com.br\/en\/wp-json\/wp\/v2\/types\/page"}],"author":[{"embeddable":true,"href":"https:\/\/cimentotupi.com.br\/en\/wp-json\/wp\/v2\/users\/1"}],"replies":[{"embeddable":true,"href":"https:\/\/cimentotupi.com.br\/en\/wp-json\/wp\/v2\/comments?post=1144"}],"version-history":[{"count":34,"href":"https:\/\/cimentotupi.com.br\/en\/wp-json\/wp\/v2\/pages\/1144\/revisions"}],"predecessor-version":[{"id":2646,"href":"https:\/\/cimentotupi.com.br\/en\/wp-json\/wp\/v2\/pages\/1144\/revisions\/2646"}],"wp:attachment":[{"href":"https:\/\/cimentotupi.com.br\/en\/wp-json\/wp\/v2\/media?parent=1144"}],"curies":[{"name":"wp","href":"https:\/\/api.w.org\/{rel}","templated":true}]}}